{"id":1132,"date":"2021-04-19T07:43:34","date_gmt":"2021-04-19T05:43:34","guid":{"rendered":"https:\/\/venfret.fr\/?page_id=1132"},"modified":"2024-05-23T10:34:28","modified_gmt":"2024-05-23T08:34:28","slug":"boutique-hors-ligne","status":"publish","type":"page","link":"https:\/\/venfret.fr\/index.php\/boutique-hors-ligne\/","title":{"rendered":"Boutique hors ligne"},"content":{"rendered":"\n<p>La pr\u00e9-commande est cl\u00f4tur\u00e9e ! Retrouvez nous sur facebook et instagram pour les derni\u00e8res nouvelles.<\/p>\n","protected":false},"excerpt":{"rendered":"<p>La pr\u00e9-commande est cl\u00f4tur\u00e9e ! Retrouvez nous sur facebook et instagram pour les derni\u00e8res nouvelles.<\/p>\n","protected":false},"author":3,"featured_media":0,"parent":0,"menu_order":0,"comment_status":"closed","ping_status":"closed","template":"","meta":[],"blocksy_meta":{"styles_descriptor":{"styles":{"desktop":"","tablet":"","mobile":""},"google_fonts":[],"version":5}},"_links":{"self":[{"href":"https:\/\/venfret.fr\/index.php\/wp-json\/wp\/v2\/pages\/1132"}],"collection":[{"href":"https:\/\/venfret.fr\/index.php\/wp-json\/wp\/v2\/pages"}],"about":[{"href":"https:\/\/venfret.fr\/index.php\/wp-json\/wp\/v2\/types\/page"}],"author":[{"embeddable":true,"href":"https:\/\/venfret.fr\/index.php\/wp-json\/wp\/v2\/users\/3"}],"replies":[{"embeddable":true,"href":"https:\/\/venfret.fr\/index.php\/wp-json\/wp\/v2\/comments?post=1132"}],"version-history":[{"count":15,"href":"https:\/\/venfret.fr\/index.php\/wp-json\/wp\/v2\/pages\/1132\/revisions"}],"predecessor-version":[{"id":3597,"href":"https:\/\/venfret.fr\/index.php\/wp-json\/wp\/v2\/pages\/1132\/revisions\/3597"}],"wp:attachment":[{"href":"https:\/\/venfret.fr\/index.php\/wp-json\/wp\/v2\/media?parent=1132"}],"curies":[{"name":"wp","href":"https:\/\/api.w.org\/{rel}","templated":true}]}}