{"id":19,"date":"2019-08-24T16:56:43","date_gmt":"2019-08-24T14:56:43","guid":{"rendered":"http:\/\/venfret.fr\/?page_id=19"},"modified":"2021-04-18T13:06:44","modified_gmt":"2021-04-18T11:06:44","slug":"contact","status":"publish","type":"page","link":"https:\/\/venfret.fr\/index.php\/contact\/","title":{"rendered":"Contact"},"content":{"rendered":"\n<p>Vous pouvez nous contacter pour toute information, l&rsquo;\u00e9quipe prendra soin de r\u00e9pondre \u00e0 votre demande individuellement.<\/p>\n\n\n\n<ul><li>Questions concernant une commande : <a href=\"mailto:commande@venfret.fr\">commande@venfret.fr<\/a><\/li><li>Questions ou suggestions d&rsquo;am\u00e9lioration du site internet : <a href=\"mailto:thomasbiasse@venfret.fr\">thomasbiasse@venfret.fr<\/a><\/li><li>Autres questions : <a href=\"mailto:contact@venfret.fr\">contact@venfret.fr<\/a><\/li><\/ul>\n","protected":false},"excerpt":{"rendered":"<p>Vous pouvez nous contacter pour toute information, l&rsquo;\u00e9quipe prendra soin de r\u00e9pondre \u00e0 votre demande individuellement. Questions concernant une commande : commande@venfret.fr Questions ou suggestions d&rsquo;am\u00e9lioration du site internet : thomasbiasse@venfret.fr Autres questions : contact@venfret.fr<\/p>\n","protected":false},"author":2,"featured_media":0,"parent":0,"menu_order":0,"comment_status":"closed","ping_status":"open","template":"","meta":[],"blocksy_meta":{"styles_descriptor":{"styles":{"desktop":"","tablet":"","mobile":""},"google_fonts":[],"version":5}},"_links":{"self":[{"href":"https:\/\/venfret.fr\/index.php\/wp-json\/wp\/v2\/pages\/19"}],"collection":[{"href":"https:\/\/venfret.fr\/index.php\/wp-json\/wp\/v2\/pages"}],"about":[{"href":"https:\/\/venfret.fr\/index.php\/wp-json\/wp\/v2\/types\/page"}],"author":[{"embeddable":true,"href":"https:\/\/venfret.fr\/index.php\/wp-json\/wp\/v2\/users\/2"}],"replies":[{"embeddable":true,"href":"https:\/\/venfret.fr\/index.php\/wp-json\/wp\/v2\/comments?post=19"}],"version-history":[{"count":6,"href":"https:\/\/venfret.fr\/index.php\/wp-json\/wp\/v2\/pages\/19\/revisions"}],"predecessor-version":[{"id":1028,"href":"https:\/\/venfret.fr\/index.php\/wp-json\/wp\/v2\/pages\/19\/revisions\/1028"}],"wp:attachment":[{"href":"https:\/\/venfret.fr\/index.php\/wp-json\/wp\/v2\/media?parent=19"}],"curies":[{"name":"wp","href":"https:\/\/api.w.org\/{rel}","templated":true}]}}