{"id":2744,"date":"2022-05-24T14:46:20","date_gmt":"2022-05-24T12:46:20","guid":{"rendered":"https:\/\/venfret.fr\/?post_type=product&#038;p=2744"},"modified":"2024-05-17T10:25:39","modified_gmt":"2024-05-17T08:25:39","slug":"chocolat-des-freres-de-la-cote-bean-to-bar-lait-45","status":"publish","type":"product","link":"https:\/\/venfret.fr\/index.php\/produit\/chocolat-des-freres-de-la-cote-bean-to-bar-lait-45\/","title":{"rendered":"Chocolat des Fr\u00e8res de la C\u00f4te \u00ab\u00a0Bean to Bar\u00a0\u00bb Lait 45%"},"content":{"rendered":"<div class=\"brz-root__container brz-reset-all\">\n<section id=\"japzviolkrasjyqwhqvyfjuxydencfzqbsjd\" class=\"brz-section brz-css-lfT_p\">\n<div class=\"brz-section__content brz-section--boxed brz-css-azrct brz-css-iRo6x\" data-brz-custom-id=\"qcmkaaeleziytictvgnagigirpfrldwqbpnb\">\n<div class=\"brz-container brz-css-swPsp\">\n<div id class=\"brz-css-b6xyu brz-css-tN4e2 brz-wrapper\">\n<div id=\"hpncktowcyuqfirmetzwizwapchfeowlupil\" class=\"brz-woocart__wrapper brz-woocart__parent brz-woocart--bubble brz-css-fXTjB brz-css-kafq0\" data-brz-custom-id=\"hpncktowcyuqfirmetzwizwapchfeowlupil\">\n<div class=\"brz-woocart__background\"><\/div>\n<div class=\"brz-woocart__dc\" style=\"min-height:20px\"><\/div>\n<\/div>\n<\/div>\n<div id class=\"brz-css-b6xyu brz-css-cy5_f brz-wrapper\">\n<div class=\"brz-spacer brz-css-lcnFj\"><\/div>\n<\/div>\n<div class=\"brz-wrapper-clone brz-css-pqixB\">\n<div class=\"brz-d-xs-flex brz-flex-xs-wrap brz-css-obPnM brz-css-f_Q0j\">\n<div class=\"brz-wrapper-clone__item\" id=\"saqtlybnbacvczdcxfrfhtckbetqswrzyzkk\"><a class=\"brz-a brz-btn brz-css-kx7Mz brz-css-kOKcg\" href=\"%7B@brizy_SITE_URL_PLACEHOLDER@%7D\/index.php\/boutique-pre-commande\/\" target=\"_self\" rel=\"noopener\" data-brz-link-type=\"external\" data-brz-custom-id=\"saqtlybnbacvczdcxfrfhtckbetqswrzyzkk\"><span data-brz-translate-text=\"1\" class=\"brz-span brz-text__editor\">Retour<\/span><\/a><\/div>\n<\/div>\n<\/div>\n<div class=\"brz-row__container brz-css-rTlut\" data-brz-custom-id=\"ubpfvmgfutgiqafjfphfuiiptvajpwmprcsd\">\n<div class=\"brz-bg\"><\/div>\n<div class=\"brz-row brz-css-qC2rv brz-css-c5vaa\">\n<div class=\"brz-columns brz-css-umf97\" data-brz-custom-id=\"edltutporydsihfpskcsmqgqpdogwnqhbutf\">\n<div class=\"brz-bg\"><\/div>\n<div class=\"brz-column__items brz-css-l2sjQ\">\n<div class=\"brz-row__container brz-css-rTlut\" data-brz-custom-id=\"yxrwtjlklqkswuxsygbrdefnbcjynymcrykq\">\n<div class=\"brz-bg\"><\/div>\n<div class=\"brz-row brz-row--inner brz-css-qC2rv\">\n<div class=\"brz-columns brz-css-umf97 brz-css-yoLFZ\" data-brz-custom-id=\"klvblnoaehshrxaomeamgqjmkiejecpopgwt\">\n<div class=\"brz-bg\"><\/div>\n<div class=\"brz-column__items brz-css-l2sjQ\">\n<div id class=\"brz-css-b6xyu brz-wrapper\">\n<div class=\"brz-rich-text brz-rich-text__custom brz-css-jQIkJ\" data-brz-custom-id=\"kyqiihlmdkabhxmkltnjvgcfzjxszemqmxfu\">\n<div data-brz-translate-text=\"1\">\n<p data-uniq-id=\"gzwxa\" data-generated-css=\"brz-css-nwafa\" class=\"brz-tp-lg-empty brz-ff-raleway brz-ft-google brz-fs-lg-0 brz-fss-lg-px brz-fw-lg-400 brz-ls-lg-0 brz-lh-lg-1_8 brz-css-aN62V\"><\/p>\n<\/div>\n<\/div>\n<\/div>\n<\/div>\n<\/div>\n<\/div>\n<\/div>\n<div class=\"brz-row__container brz-css-rTlut\" data-brz-custom-id=\"baguarfavfkvsqxlfuhvtkkibbkrxrncldht\">\n<div class=\"brz-bg\"><\/div>\n<div class=\"brz-row brz-row--inner brz-css-qC2rv brz-css-c5vaa\">\n<div class=\"brz-columns brz-css-umf97 brz-css-n70Iq\" data-brz-custom-id=\"rwpgtaalbhxssjnvlusobwhtmwoopyoddqin\">\n<div class=\"brz-bg\"><\/div>\n<div class=\"brz-column__items brz-css-l2sjQ\">\n<div id class=\"brz-css-b6xyu brz-wrapper\">\n<div class=\"brz-wp-title brz-css-nOEot brz-css-hdlW2\" data-brz-custom-id=\"aorhzoisjbfnmakjkbqohaumwjusaqccweck\"><span class=\"brz-wp-title-content\" style=\"min-height:20px\"><\/span><\/div>\n<\/div>\n<\/div>\n<\/div>\n<\/div>\n<\/div>\n<div class=\"brz-row__container brz-css-rTlut\" data-brz-custom-id=\"yztngeqzadtxbpfxvcxwgsazmuydmzcmxxfa\">\n<div class=\"brz-bg\"><\/div>\n<div class=\"brz-row brz-row--inner brz-css-qC2rv brz-css-c5vaa\">\n<div class=\"brz-columns brz-css-umf97 brz-css-eLTu2\" data-brz-custom-id=\"hwsrldpugfdpfmfacnxjobtnbqfqnzhixxuu\">\n<div class=\"brz-bg\"><\/div>\n<div class=\"brz-column__items brz-css-l2sjQ\">\n<div id class=\"brz-css-b6xyu brz-wrapper\">\n<div class=\"brz-wooexcerpt brz-css-kgrmy brz-css-wmte7\">\n<div style=\"min-height:20px\"><\/div>\n<\/div>\n<\/div>\n<\/div>\n<\/div>\n<\/div>\n<\/div>\n<div class=\"brz-row__container brz-css-rTlut\" data-brz-custom-id=\"ufknqbljuuxyuebqwurfxxslhnazctwacbnk\">\n<div class=\"brz-bg\"><\/div>\n<div class=\"brz-row brz-row--inner brz-css-qC2rv\">\n<div class=\"brz-columns brz-css-umf97 brz-css-szPqI\" data-brz-custom-id=\"zhxouscitzvrzjplqfnnwokaasfdrxamnoyb\">\n<div class=\"brz-bg\"><\/div>\n<div class=\"brz-column__items brz-css-l2sjQ\">\n<div id class=\"brz-css-b6xyu brz-wrapper\">\n<div class=\"brz-woo-price brz-css-cjl7z brz-css-jyLTM\" data-brz-custom-id=\"qmmftbxnqrhlgzjoqlufceghyasjwguujbmh\">\n<div style=\"min-height:20px\"><\/div>\n<\/div>\n<\/div>\n<\/div>\n<\/div>\n<div class=\"brz-columns brz-css-umf97\" data-brz-custom-id=\"oaudyxpdiodziyfrlcqfmdgsvufuvgcfmthk\">\n<div class=\"brz-bg\"><\/div>\n<div class=\"brz-column__items brz-css-l2sjQ\">\n<div id class=\"brz-css-b6xyu brz-wrapper\">\n<div class=\"brz-woo-add-to-cart brz-css-vqSDu brz-css-wuF06\" data-brz-custom-id=\"iggjzxfcswbvxjpixtrnnhqigoozgcuushfq\">\n<div style=\"min-height:20px\"><\/div>\n<\/div>\n<\/div>\n<\/div>\n<\/div>\n<\/div>\n<\/div>\n<div class=\"brz-row__container brz-css-rTlut\" data-brz-custom-id=\"rldctejwwnfugeqbkxneoqjckkcvwitsvvyv\">\n<div class=\"brz-bg\"><\/div>\n<div class=\"brz-row brz-row--inner brz-css-qC2rv\">\n<div class=\"brz-columns brz-css-umf97\" data-brz-custom-id=\"fozfhszslowpcwplfxemyjpyciytoalmldyi\">\n<div class=\"brz-bg\"><\/div>\n<div class=\"brz-column__items brz-css-l2sjQ\"><\/div>\n<\/div>\n<div class=\"brz-columns brz-css-umf97\" data-brz-custom-id=\"ynvmtmomzezqmwojzzllpdtrcaomssrfpkyl\">\n<div class=\"brz-bg\"><\/div>\n<div class=\"brz-column__items brz-css-l2sjQ\"><\/div>\n<\/div>\n<\/div>\n<\/div>\n<\/div>\n<\/div>\n<div class=\"brz-columns brz-css-umf97\" data-brz-custom-id=\"lalazvstifecwhinxgvvarecfvbbjjuktrco\">\n<div class=\"brz-bg\"><\/div>\n<div class=\"brz-column__items brz-css-l2sjQ\">\n<div id class=\"brz-css-b6xyu brz-wrapper\">\n<div class=\"brz-woo-gallery brz-woo-gallery__style-bottom brz-woo-gallery__thumbsTB-4 brz-css-zk4u4 brz-css-gGpbc\" data-brz-custom-id=\"vavatpiwgzhjdtxvkxxixogsinykfzmmczlr\">\n<div style=\"min-height:20px\"><\/div>\n<\/div>\n<\/div>\n<\/div>\n<\/div>\n<\/div>\n<\/div>\n<\/div>\n<\/div>\n<\/section>\n<section id=\"rvjafwjdpkwvdsrlngutmofidgmjkppruuqi\" class=\"brz-section brz-css-lfT_p\">\n<div class=\"brz-section__content brz-section--boxed brz-css-azrct brz-css-aNJ0I\" data-brz-custom-id=\"srgvdljgehithvtkildnoyctenzljvlyzslk\">\n<div class=\"brz-container brz-css-swPsp brz-css-aPlcV\">\n<div class=\"brz-row__container brz-css-rTlut\" data-brz-custom-id=\"oobdpzmtbwfjpfudpjluamlellgloihossse\">\n<div class=\"brz-bg\"><\/div>\n<div class=\"brz-row brz-css-qC2rv brz-css-c5vaa\">\n<div class=\"brz-columns brz-css-umf97 brz-css-xOg43\" data-brz-custom-id=\"nhqdufdpzrhheekjgfvzjmewjeeleadzmuuy\">\n<div class=\"brz-bg\"><\/div>\n<div class=\"brz-column__items brz-css-l2sjQ brz-css-lK5Tx\">\n<div id class=\"brz-css-b6xyu brz-wrapper\">\n<div class=\"brz-rich-text brz-rich-text__custom brz-css-jQIkJ\" data-brz-custom-id=\"ibxekevjtyfglsuplzorrhprjdnqgeexbpjg\">\n<div data-brz-translate-text=\"1\">\n<h2 class=\"brz-tp-lg-empty brz-ff-overpass brz-ft-google brz-fs-lg-30 brz-fss-lg-px brz-fw-lg-700 brz-ls-lg-0_5 brz-lh-lg-1_5 brz-css-eaaST\" data-uniq-id=\"smcqn\" data-generated-css=\"brz-css-vcnan\">Les Fr&egrave;res de la C&ocirc;te &#8211; Bean to Bar<\/h2>\n<\/div>\n<\/div>\n<\/div>\n<div id class=\"brz-css-b6xyu brz-css-cy5_f brz-css-u8vmS brz-wrapper\">\n<div class=\"brz-spacer brz-css-lcnFj brz-css-rJcrn\"><\/div>\n<\/div>\n<div id class=\"brz-css-b6xyu brz-wrapper\">\n<div class=\"brz-rich-text brz-rich-text__custom brz-css-jQIkJ\" data-brz-custom-id=\"iptnlilnbrufgsjbiddvtlkcqvmxosbenrcb\">\n<div data-brz-translate-text=\"1\">\n<p data-uniq-id=\"aljnw\" data-generated-css=\"brz-css-iibkp\" class=\"brz-fss-lg-px brz-fw-lg-600 brz-ls-lg-0 brz-lh-lg-1_8 brz-tp-lg-empty brz-ff-overpass brz-ft-google brz-fs-lg-20 brz-css-rNTdL\">Histoire <\/p>\n<\/div>\n<\/div>\n<\/div>\n<div id class=\"brz-css-b6xyu brz-wrapper\">\n<div class=\"brz-rich-text brz-rich-text__custom brz-css-jQIkJ\" data-brz-custom-id=\"hiykojudhdotluptamcvdwsapyxcykcyoxup\">\n<div data-brz-translate-text=\"1\">\n<p class=\"brz-lh-lg-1_8 brz-ls-lg-0 brz-fw-lg-400 brz-fss-lg-px brz-fs-lg-14 brz-ft-google brz-ff-overpass brz-tp-lg-empty brz-css-qltDC\" data-generated-css=\"brz-css-fsgii\" data-uniq-id=\"uaavf\">D&eacute;licatesse vieille de 10 si&egrave;cles, n&eacute;e dans le bassin des Cara&iuml;bes. Les<\/p>\n<p class=\"brz-lh-lg-1_8 brz-ls-lg-0 brz-fw-lg-400 brz-fss-lg-px brz-fs-lg-14 brz-ft-google brz-ff-overpass brz-tp-lg-empty brz-css-fiybc\" data-generated-css=\"brz-css-joxee\" data-uniq-id=\"ebssf\">f&egrave;ves de Cacao bruts sont s&eacute;lectionn&eacute;es directement avec les producteurs<\/p>\n<p class=\"brz-lh-lg-1_8 brz-ls-lg-0 brz-fw-lg-400 brz-fss-lg-px brz-fs-lg-14 brz-ft-google brz-ff-overpass brz-tp-lg-empty brz-css-vwIvX\" data-generated-css=\"brz-css-oydkz\" data-uniq-id=\"oehse\">et les coop&eacute;ratives Carib&eacute;ennes chaque ann&eacute;e lors de l&rsquo;escale du voilier<\/p>\n<p class=\"brz-lh-lg-1_8 brz-ls-lg-0 brz-fw-lg-400 brz-fss-lg-px brz-fs-lg-14 brz-ft-google brz-ff-overpass brz-tp-lg-empty brz-css-qysEi\" data-generated-css=\"brz-css-xhbwu\" data-uniq-id=\"ogxwo\">cargo sans moteur \u00ab\u00a0Tres Hombres\u00a0\u00bb, cultiv&eacute;es organiquement par des<\/p>\n<p class=\"brz-lh-lg-1_8 brz-ls-lg-0 brz-fw-lg-400 brz-fss-lg-px brz-fs-lg-14 brz-ft-google brz-ff-overpass brz-tp-lg-empty brz-css-sd2bN\" data-generated-css=\"brz-css-agqzh\" data-uniq-id=\"qlsml\">fermiers locaux en R&eacute;publique Dominicaine dans le respect de leur<\/p>\n<p class=\"brz-lh-lg-1_8 brz-ls-lg-0 brz-fw-lg-400 brz-fss-lg-px brz-fs-lg-14 brz-ft-google brz-ff-overpass brz-tp-lg-empty brz-css-yr2lm\" data-generated-css=\"brz-css-ntneg\" data-uniq-id=\"mqmlu\">tradition et de l&rsquo;environnement.<\/p>\n<p class=\"brz-lh-lg-1_8 brz-ls-lg-0 brz-fw-lg-400 brz-fss-lg-px brz-fs-lg-14 brz-ft-google brz-ff-overpass brz-tp-lg-empty brz-css-yXkhz\" data-generated-css=\"brz-css-ruzdb\" data-uniq-id=\"lgkct\">Apr&egrave;s plus de 10 ann&eacute;es pass&eacute;es aux Antilles Maggy et Rapha&euml;l sont<\/p>\n<p class=\"brz-lh-lg-1_8 brz-ls-lg-0 brz-fw-lg-400 brz-fss-lg-px brz-fs-lg-14 brz-ft-google brz-ff-overpass brz-tp-lg-empty brz-css-sTtTJ\" data-generated-css=\"brz-css-uvzka\" data-uniq-id=\"xnezf\">revenus s&rsquo;installer en Charente Maritime pour une nouvelle aventure.<\/p>\n<p class=\"brz-lh-lg-1_8 brz-ls-lg-0 brz-fw-lg-400 brz-fss-lg-px brz-fs-lg-14 brz-ft-google brz-ff-overpass brz-tp-lg-empty brz-css-zWFtE\" data-generated-css=\"brz-css-juhtt\" data-uniq-id=\"wzyhj\">Depuis plus d&rsquo;un an nous peaufinons nos proc&eacute;d&eacute;s de fabrication d&rsquo;un<\/p>\n<p class=\"brz-lh-lg-1_8 brz-ls-lg-0 brz-fw-lg-400 brz-fss-lg-px brz-fs-lg-14 brz-ft-google brz-ff-overpass brz-tp-lg-empty brz-css-aCZ0s\" data-generated-css=\"brz-css-wzsni\" data-uniq-id=\"cerom\">chocolat d&rsquo;exception &agrave; partir des f&egrave;ves de Cacao Biologiques ramen&eacute;es<\/p>\n<p class=\"brz-lh-lg-1_8 brz-ls-lg-0 brz-fw-lg-400 brz-fss-lg-px brz-fs-lg-14 brz-ft-google brz-ff-overpass brz-tp-lg-empty brz-css-s7CBP\" data-generated-css=\"brz-css-oufgs\" data-uniq-id=\"lukat\">des Cara&iuml;bes par le voilier cargo Tres Hombres.<\/p>\n<p class=\"brz-lh-lg-1_8 brz-ls-lg-0 brz-fw-lg-400 brz-fss-lg-px brz-fs-lg-14 brz-ft-google brz-ff-overpass brz-tp-lg-empty brz-css-laiCg\" data-generated-css=\"brz-css-ddbet\" data-uniq-id=\"gxkuj\">Saviez vous que le chocolat d&eacute;veloppe une palette aromatique aussi large<\/p>\n<p class=\"brz-lh-lg-1_8 brz-ls-lg-0 brz-fw-lg-400 brz-fss-lg-px brz-fs-lg-14 brz-ft-google brz-ff-overpass brz-tp-lg-empty brz-css-txSkz\" data-generated-css=\"brz-css-kuble\" data-uniq-id=\"zlmnt\">que le vin?<\/p>\n<p class=\"brz-lh-lg-1_8 brz-ls-lg-0 brz-fw-lg-400 brz-fss-lg-px brz-fs-lg-14 brz-ft-google brz-ff-overpass brz-tp-lg-empty brz-css-nHVrZ\" data-generated-css=\"brz-css-gfplg\" data-uniq-id=\"aqckx\">Des ar&ocirc;mes floraux (les plus d&eacute;licats), bois&eacute;s, fruit&eacute;s,&#8230;<\/p>\n<p class=\"brz-lh-lg-1_8 brz-ls-lg-0 brz-fw-lg-400 brz-fss-lg-px brz-fs-lg-14 brz-ft-google brz-ff-overpass brz-tp-lg-empty brz-css-dKAYc\" data-generated-css=\"brz-css-gmhhd\" data-uniq-id=\"xldcf\">Pour conserver ces ar&ocirc;mes, nous privil&eacute;gions une faible torr&eacute;faction<\/p>\n<p class=\"brz-lh-lg-1_8 brz-ls-lg-0 brz-fw-lg-400 brz-fss-lg-px brz-fs-lg-14 brz-ft-google brz-ff-overpass brz-tp-lg-empty brz-css-xUukM\" data-generated-css=\"brz-css-jtmqc\" data-uniq-id=\"jxfld\">permettant de garder les qualit&eacute;s nutritives du Cacao et surtout sa<\/p>\n<p class=\"brz-lh-lg-1_8 brz-ls-lg-0 brz-fw-lg-400 brz-fss-lg-px brz-fs-lg-14 brz-ft-google brz-ff-overpass brz-tp-lg-empty brz-css-eKzGm\" data-generated-css=\"brz-css-cciwx\" data-uniq-id=\"ygzmp\">complexit&eacute; aromatique.<\/p>\n<p class=\"brz-lh-lg-1_8 brz-ls-lg-0 brz-fw-lg-400 brz-fss-lg-px brz-fs-lg-14 brz-ft-google brz-ff-overpass brz-tp-lg-empty brz-css-lhWmf\" data-generated-css=\"brz-css-ehatu\" data-uniq-id=\"ihpsj\">Aucun ar&ocirc;me artificiel de vanille comme dans tous les chocolats<\/p>\n<p class=\"brz-lh-lg-1_8 brz-ls-lg-0 brz-fw-lg-400 brz-fss-lg-px brz-fs-lg-14 brz-ft-google brz-ff-overpass brz-tp-lg-empty brz-css-s7s35\" data-generated-css=\"brz-css-tphuv\" data-uniq-id=\"mowbk\">industriels. Le traitement des f&egrave;ves en quantit&eacute; industrielle les<\/p>\n<p class=\"brz-lh-lg-1_8 brz-ls-lg-0 brz-fw-lg-400 brz-fss-lg-px brz-fs-lg-14 brz-ft-google brz-ff-overpass brz-tp-lg-empty brz-css-uWLEf\" data-generated-css=\"brz-css-whqeq\" data-uniq-id=\"kauka\">obligeant &agrave; pousser les torr&eacute;factions et d&eacute;truisant tous les ar&ocirc;mes<\/p>\n<p class=\"brz-lh-lg-1_8 brz-ls-lg-0 brz-fw-lg-400 brz-fss-lg-px brz-fs-lg-14 brz-ft-google brz-ff-overpass brz-tp-lg-empty brz-css-tmPhL\" data-generated-css=\"brz-css-ickzu\" data-uniq-id=\"zfaam\">d&eacute;licats du cacao.<\/p>\n<p class=\"brz-lh-lg-1_8 brz-ls-lg-0 brz-fw-lg-400 brz-fss-lg-px brz-fs-lg-14 brz-ft-google brz-ff-overpass brz-tp-lg-empty brz-css-aocL_\" data-generated-css=\"brz-css-uohby\" data-uniq-id=\"oxafs\">En plus de cela nous privil&eacute;gions un temps de conchage (Broyage des<\/p>\n<p class=\"brz-lh-lg-1_8 brz-ls-lg-0 brz-fw-lg-400 brz-fss-lg-px brz-fs-lg-14 brz-ft-google brz-ff-overpass brz-tp-lg-empty brz-css-fFfvd\" data-generated-css=\"brz-css-pqswp\" data-uniq-id=\"prfbr\">f&egrave;ves pour en extraire le beurre int&eacute;rieur) tr&egrave;s long qui permet aux<\/p>\n<p class=\"brz-lh-lg-1_8 brz-ls-lg-0 brz-fw-lg-400 brz-fss-lg-px brz-fs-lg-14 brz-ft-google brz-ff-overpass brz-tp-lg-empty brz-css-jJVEU\" data-generated-css=\"brz-css-fafqt\" data-uniq-id=\"vaouc\">f&egrave;ves d&rsquo;exprimer tout leur potentiel aromatique en lui donnant une<\/p>\n<p class=\"brz-lh-lg-1_8 brz-ls-lg-0 brz-fw-lg-400 brz-fss-lg-px brz-fs-lg-14 brz-ft-google brz-ff-overpass brz-tp-lg-empty brz-css-xJDrW\" data-generated-css=\"brz-css-jbvgq\" data-uniq-id=\"eyucc\">grande longueur en bouche.<\/p>\n<p class=\"brz-lh-lg-1_8 brz-ls-lg-0 brz-fw-lg-400 brz-fss-lg-px brz-fs-lg-14 brz-ft-google brz-ff-overpass brz-tp-lg-empty brz-css-two07\" data-generated-css=\"brz-css-azjkc\" data-uniq-id=\"blqpj\">C&rsquo;est un vrai voyage des saveurs. Une nouvelle passion que nous avons<\/p>\n<p class=\"brz-lh-lg-1_8 brz-ls-lg-0 brz-fw-lg-400 brz-fss-lg-px brz-fs-lg-14 brz-ft-google brz-ff-overpass brz-tp-lg-empty brz-css-kVU_K\" data-generated-css=\"brz-css-vbsxe\" data-uniq-id=\"duubc\">h&acirc;te de partager avec vous.<\/p>\n<p class=\"brz-lh-lg-1_8 brz-ls-lg-0 brz-fw-lg-400 brz-fss-lg-px brz-fs-lg-14 brz-ft-google brz-ff-overpass brz-tp-lg-empty brz-css-f0xuf\" data-generated-css=\"brz-css-rjpvn\" data-uniq-id=\"ewuxq\">Merci &agrave; l&rsquo;Artiste Cecile le Gratiet pour la magnifique aquarelle de nos<\/p>\n<p class=\"brz-lh-lg-1_8 brz-ls-lg-0 brz-fw-lg-400 brz-fss-lg-px brz-fs-lg-14 brz-ft-google brz-ff-overpass brz-tp-lg-empty brz-css-sMC5n\" data-generated-css=\"brz-css-pdfgu\" data-uniq-id=\"wuybw\">emballages et Corinne Maeght de nous avoir form&eacute; &agrave; l&rsquo;Art de la<\/p>\n<p class=\"brz-lh-lg-1_8 brz-ls-lg-0 brz-fw-lg-400 brz-fss-lg-px brz-fs-lg-14 brz-ft-google brz-ff-overpass brz-tp-lg-empty brz-css-dAiXo\" data-generated-css=\"brz-css-cugjt\" data-uniq-id=\"nxpqz\">transformation des f&egrave;ves de Cacao en Chocolat.<\/p>\n<\/div>\n<\/div>\n<\/div>\n<\/div>\n<\/div>\n<div class=\"brz-columns brz-css-umf97 brz-css-d9H8H\" data-brz-custom-id=\"ednpfzsnibuiptzuhbrvhyivulcetvyjukhz\">\n<div class=\"brz-column__items brz-css-l2sjQ brz-css-cpzfh\">\n<div id class=\"brz-css-b6xyu brz-wrapper\">\n<div class=\"brz-rich-text brz-rich-text__custom brz-css-jQIkJ\" data-brz-custom-id=\"opcnzhdryiclpzwjfzbcrfgerkxrltkgsoas\">\n<div data-brz-translate-text=\"1\">\n<h4 class=\"brz-lh-lg-1_5 brz-ls-lg-0 brz-fw-lg-700 brz-fss-lg-px brz-fs-lg-14 brz-ft-google brz-ff-raleway brz-tp-lg-empty brz-css-ohKXb\" data-uniq-id=\"ffauo\" data-generated-css=\"brz-css-qfawl\"><\/h4>\n<\/div>\n<\/div>\n<\/div>\n<div class=\"brz-row__container brz-css-rTlut\" data-brz-custom-id=\"xhvzchmuytlogltzkppjeyosrgttqxylqnph\">\n<div class=\"brz-bg\"><\/div>\n<div class=\"brz-row brz-row--inner brz-css-qC2rv\">\n<div class=\"brz-columns brz-css-umf97 brz-css-cEvoC\" data-brz-custom-id=\"vkdmulfrlxinzjiosjwuluqhrjlziguwablm\">\n<div class=\"brz-bg\"><\/div>\n<div class=\"brz-column__items brz-css-l2sjQ\">\n<div id class=\"brz-css-b6xyu brz-wrapper\">\n<div class=\"brz-rich-text brz-rich-text__custom brz-css-jQIkJ\" data-brz-custom-id=\"ojnhonagwotnkgbcoqtbeizhnqrkcfikmyxn\">\n<div data-brz-translate-text=\"1\">\n<p data-uniq-id=\"fywef\" data-generated-css=\"brz-css-ktvtg\" class=\"brz-fss-lg-px brz-fw-lg-600 brz-ls-lg-0 brz-lh-lg-1_8 brz-tp-lg-empty brz-ff-overpass brz-ft-google brz-fs-lg-20 brz-css-mGPQh\">Producteur<\/p>\n<\/div>\n<\/div>\n<\/div>\n<\/div>\n<\/div>\n<div class=\"brz-columns brz-css-umf97 brz-css-reR5v\" data-brz-custom-id=\"jvuzatfmnmukopyhwkwlhprqdlrnvbckdmqs\">\n<div class=\"brz-bg\"><\/div>\n<div class=\"brz-column__items brz-css-l2sjQ\">\n<div id class=\"brz-css-b6xyu brz-wrapper\">\n<div class=\"brz-rich-text brz-rich-text__custom brz-css-jQIkJ\" data-brz-custom-id=\"apkohiqrarszntdogumqocswftzqehlyjenv\">\n<div data-brz-translate-text=\"1\">\n<p class=\"brz-tp-lg-empty brz-ff-overpass brz-ft-google brz-fs-lg-14 brz-fss-lg-px brz-fw-lg-400 brz-ls-lg-0 brz-lh-lg-1_8 brz-css-cwUNy\" data-uniq-id=\"ijwiw\" data-generated-css=\"brz-css-gpxuj\">Transform&eacute; par Maggy et Rapha&euml;l<\/p>\n<\/div>\n<\/div>\n<\/div>\n<\/div>\n<\/div>\n<\/div>\n<\/div>\n<div class=\"brz-row__container brz-css-rTlut\" data-brz-custom-id=\"rcqdjnbommpbekeuvrverxykuttqwqbaeoil\">\n<div class=\"brz-bg\"><\/div>\n<div class=\"brz-row brz-row--inner brz-css-qC2rv\">\n<div class=\"brz-columns brz-css-umf97 brz-css-wFh9H\" data-brz-custom-id=\"yckfirvdykucwpabbeyeltloajllupjxfxmi\">\n<div class=\"brz-bg\"><\/div>\n<div class=\"brz-column__items brz-css-l2sjQ\">\n<div id class=\"brz-css-b6xyu brz-wrapper\">\n<div class=\"brz-rich-text brz-rich-text__custom brz-css-jQIkJ\" data-brz-custom-id=\"rcyvakcdedcdniihrmisghcadwdxmvixvacf\">\n<div data-brz-translate-text=\"1\">\n<p data-uniq-id=\"lnlnl\" data-generated-css=\"brz-css-gbrgr\" class=\"brz-ft-google brz-fs-lg-20 brz-fss-lg-px brz-fw-lg-600 brz-ls-lg-0 brz-lh-lg-1_8 brz-tp-lg-empty brz-ff-overpass brz-css-hORQl\">G&eacute;ographie <\/p>\n<\/div>\n<\/div>\n<\/div>\n<\/div>\n<\/div>\n<div class=\"brz-columns brz-css-umf97 brz-css-mvQlw\" data-brz-custom-id=\"smpqkyzlyhojzphvomblxxcvqwwyymoojdmv\">\n<div class=\"brz-bg\"><\/div>\n<div class=\"brz-column__items brz-css-l2sjQ\">\n<div id class=\"brz-css-b6xyu brz-wrapper\">\n<div class=\"brz-rich-text brz-rich-text__custom brz-css-jQIkJ\" data-brz-custom-id=\"sruxfkuvrhnvysbmhyvbenvdjahsiqgolyrx\">\n<div data-brz-translate-text=\"1\">\n<p class=\"brz-tp-lg-empty brz-ff-overpass brz-ft-google brz-fs-lg-14 brz-fss-lg-px brz-fw-lg-400 brz-ls-lg-0 brz-lh-lg-1_8 brz-css-pLP_C\" data-uniq-id=\"hcpxn\" data-generated-css=\"brz-css-rdsxn\">F&egrave;ves de R&eacute;publique Dominicaine<\/p>\n<\/div>\n<\/div>\n<\/div>\n<\/div>\n<\/div>\n<\/div>\n<\/div>\n<div class=\"brz-row__container brz-css-rTlut\" data-brz-custom-id=\"iqanayaphwnmswtyebsuattvjkotgqxbgvve\">\n<div class=\"brz-bg\"><\/div>\n<div class=\"brz-row brz-row--inner brz-css-qC2rv\">\n<div class=\"brz-columns brz-css-umf97\" data-brz-custom-id=\"lhxwtsvgiorwcevcofzzuvjuiosniadiiatf\">\n<div class=\"brz-bg\"><\/div>\n<div class=\"brz-column__items brz-css-l2sjQ\">\n<div id class=\"brz-css-b6xyu brz-wrapper\">\n<div class=\"brz-rich-text brz-rich-text__custom brz-css-jQIkJ\" data-brz-custom-id=\"xmtcuxgzyaqhnrujeoxdnnaldioogztgmsfg\">\n<div data-brz-translate-text=\"1\">\n<p data-uniq-id=\"nqhwu\" data-generated-css=\"brz-css-nfntg\" class=\"brz-ls-lg-0 brz-lh-lg-1_8 brz-tp-lg-empty brz-ff-overpass brz-ft-google brz-fs-lg-20 brz-fss-lg-px brz-fw-lg-600 brz-css-yFoP3\">Vari&eacute;t&eacute;s <\/p>\n<\/div>\n<\/div>\n<\/div>\n<\/div>\n<\/div>\n<div class=\"brz-columns brz-css-umf97\" data-brz-custom-id=\"pjsfkcjedpwudemgqhaftdqdyxzaqwwxphew\">\n<div class=\"brz-bg\"><\/div>\n<div class=\"brz-column__items brz-css-l2sjQ\">\n<div id class=\"brz-css-b6xyu brz-wrapper\">\n<div class=\"brz-rich-text brz-rich-text__custom brz-css-jQIkJ\" data-brz-custom-id=\"vndnuvekcwprzwapdxuwrtofeodwptykjbsn\">\n<div data-brz-translate-text=\"1\">\n<p class=\"brz-lh-lg-1_8 brz-ls-lg-0 brz-fw-lg-400 brz-fss-lg-px brz-fs-lg-14 brz-ft-google brz-ff-overpass brz-tp-lg-empty brz-css-kvInr\" data-generated-css=\"brz-css-wmveo\" data-uniq-id=\"umidq\">Trinitario<\/p>\n<\/div>\n<\/div>\n<\/div>\n<\/div>\n<\/div>\n<\/div>\n<\/div>\n<div class=\"brz-row__container brz-css-rTlut\" data-brz-custom-id=\"jojycfsttmapcebejgdlnivseakzeupghzxy\">\n<div class=\"brz-bg\"><\/div>\n<div class=\"brz-row brz-row--inner brz-css-qC2rv\">\n<div class=\"brz-columns brz-css-umf97 brz-css-u8kev\" data-brz-custom-id=\"ahsmbqkpmadozokqljizqnxpkdjjtqwwlkax\">\n<div class=\"brz-bg\"><\/div>\n<div class=\"brz-column__items brz-css-l2sjQ\">\n<div id class=\"brz-css-b6xyu brz-wrapper\">\n<div class=\"brz-rich-text brz-rich-text__custom brz-css-jQIkJ\" data-brz-custom-id=\"dwxmzaxgvqehnldpfztpsnegbklgiprkicbb\">\n<div data-brz-translate-text=\"1\">\n<p class=\"brz-fw-lg-600 brz-fss-lg-px brz-fs-lg-20 brz-ft-google brz-ff-overpass brz-tp-lg-empty brz-lh-lg-1_8 brz-ls-lg-0 brz-css-hvWNm\" data-generated-css=\"brz-css-ztrsn\" data-uniq-id=\"hkjna\"><\/p>\n<\/div>\n<\/div>\n<\/div>\n<\/div>\n<\/div>\n<div class=\"brz-columns brz-css-umf97 brz-css-l2yFl\" data-brz-custom-id=\"adrxcxbyvphvmrjkblawbtownntorgwwdusj\">\n<div class=\"brz-bg\"><\/div>\n<div class=\"brz-column__items brz-css-l2sjQ\">\n<div id class=\"brz-css-b6xyu brz-wrapper\">\n<div class=\"brz-rich-text brz-rich-text__custom brz-css-jQIkJ\" data-brz-custom-id=\"jeookwktjyngdhfjqbbinnxfpixxlopjyxxp\">\n<div data-brz-translate-text=\"1\">\n<p class=\"brz-lh-lg-1_3 brz-ls-lg-0 brz-fw-lg-400 brz-fss-lg-px brz-fs-lg-14 brz-ft-google brz-ff-overpass brz-tp-lg-empty brz-css-k76Jy\" data-uniq-id=\"lxvey\" data-generated-css=\"brz-css-wbjis\"><\/p>\n<p data-generated-css=\"brz-css-ncpaq\" data-uniq-id=\"twegf\" class=\"brz-css-oobHs\"><\/p>\n<\/div>\n<\/div>\n<\/div>\n<\/div>\n<\/div>\n<\/div>\n<\/div>\n<\/div>\n<\/div>\n<\/div>\n<\/div>\n<\/div>\n<\/div>\n<\/section>\n<\/div>\n<p><!-- version:1715934339 --><\/p>\n","protected":false},"excerpt":{"rendered":"<p>Tablette de 90g<\/p>\n<p>R\u00e9alis\u00e9e en Charente Maritime \u00e0 partir de f\u00e8ve de cacao biologique.<\/p>\n","protected":false},"featured_media":2745,"comment_status":"open","ping_status":"closed","template":"brizy-blank-template.php","meta":[],"product_cat":[18],"product_tag":[],"_links":{"self":[{"href":"https:\/\/venfret.fr\/index.php\/wp-json\/wp\/v2\/product\/2744"}],"collection":[{"href":"https:\/\/venfret.fr\/index.php\/wp-json\/wp\/v2\/product"}],"about":[{"href":"https:\/\/venfret.fr\/index.php\/wp-json\/wp\/v2\/types\/product"}],"replies":[{"embeddable":true,"href":"https:\/\/venfret.fr\/index.php\/wp-json\/wp\/v2\/comments?post=2744"}],"wp:featuredmedia":[{"embeddable":true,"href":"https:\/\/venfret.fr\/index.php\/wp-json\/wp\/v2\/media\/2745"}],"wp:attachment":[{"href":"https:\/\/venfret.fr\/index.php\/wp-json\/wp\/v2\/media?parent=2744"}],"wp:term":[{"taxonomy":"product_cat","embeddable":true,"href":"https:\/\/venfret.fr\/index.php\/wp-json\/wp\/v2\/product_cat?post=2744"},{"taxonomy":"product_tag","embeddable":true,"href":"https:\/\/venfret.fr\/index.php\/wp-json\/wp\/v2\/product_tag?post=2744"}],"curies":[{"name":"wp","href":"https:\/\/api.w.org\/{rel}","templated":true}]}}