{"id":3454,"date":"2024-04-20T16:26:44","date_gmt":"2024-04-20T14:26:44","guid":{"rendered":"https:\/\/venfret.fr\/?post_type=product&#038;p=3454"},"modified":"2024-05-17T10:25:07","modified_gmt":"2024-05-17T08:25:07","slug":"filet-de-thon-peche-a-la-ligne","status":"publish","type":"product","link":"https:\/\/venfret.fr\/index.php\/produit\/filet-de-thon-peche-a-la-ligne\/","title":{"rendered":"Filet de Thon &#8211; p\u00each\u00e9 \u00e0 la ligne"},"content":{"rendered":"<p><!DOCTYPE html PUBLIC \"-\/\/W3C\/\/DTD HTML 4.0 Transitional\/\/EN\" \"http:\/\/www.w3.org\/TR\/REC-html40\/loose.dtd\"><br \/>\n<html><body><\/p>\n<div class=\"brz-root__container brz-reset-all\">\n<section id=\"oMxR94faC_Hm\" class=\"brz-section brz-css-eXnBx\">\n<div class=\"brz-section__content brz-section--boxed brz-css-nYHWV brz-css-hV3nB\" data-brz-custom-id=\"trfXFkwna7kU\">\n<div class=\"brz-container brz-css-pb7pt\">\n<div class=\"brz-row__container brz-css-rO_8M\" data-brz-custom-id=\"gdU65wExwkr7\">\n<div class=\"brz-bg\"><\/div>\n<div class=\"brz-row brz-css-p4toU brz-css-yfJyi\">\n<div class=\"brz-columns brz-css-tZ5Fs\" data-brz-custom-id=\"qtmFDUKJZO_9\">\n<div class=\"brz-bg\"><\/div>\n<div class=\"brz-column__items brz-css-n1Suf\">\n<div class=\"brz-row__container brz-css-rO_8M\" data-brz-custom-id=\"yYvBk1lSFTfN\">\n<div class=\"brz-bg\"><\/div>\n<div class=\"brz-row brz-row--inner brz-css-p4toU\">\n<div class=\"brz-columns brz-css-tZ5Fs brz-css-dNnOH\" data-brz-custom-id=\"ezGDdAsgmMO1\">\n<div class=\"brz-bg\"><\/div>\n<div class=\"brz-column__items brz-css-n1Suf\">\n<div id class=\"brz-css-mVTrI brz-wrapper\">\n<div class=\"brz-rich-text brz-rich-text__custom brz-css-aUinZ\" data-brz-custom-id=\"eJJL5PAOG23M\">\n<div data-brz-translate-text=\"1\">\n<p data-uniq-id=\"gzwxa\" data-generated-css=\"brz-css-nwafa\" class=\"brz-tp-lg-empty brz-ff-raleway brz-ft-google brz-fs-lg-0 brz-fss-lg-px brz-fw-lg-400 brz-ls-lg-0 brz-lh-lg-1_8 brz-css-k93M9\"><\/p>\n<\/div>\n<\/div>\n<\/div>\n<\/div>\n<\/div>\n<\/div>\n<\/div>\n<div class=\"brz-row__container brz-css-rO_8M\" data-brz-custom-id=\"uG1Cmdb8SgW3\">\n<div class=\"brz-bg\"><\/div>\n<div class=\"brz-row brz-row--inner brz-css-p4toU brz-css-yfJyi\">\n<div class=\"brz-columns brz-css-tZ5Fs brz-css-lwvOy\" data-brz-custom-id=\"csrj1_CZKJMt\">\n<div class=\"brz-bg\"><\/div>\n<div class=\"brz-column__items brz-css-n1Suf\">\n<div id class=\"brz-css-mVTrI brz-wrapper\">\n<div class=\"brz-wp-title brz-css-cMg6K brz-css-bqtqW\" data-brz-custom-id=\"h61qx1PkRqDU\"><span class=\"brz-wp-title-content\" style=\"min-height:20px\"><\/span><\/div>\n<\/div>\n<\/div>\n<\/div>\n<\/div>\n<\/div>\n<div class=\"brz-row__container brz-css-rO_8M\" data-brz-custom-id=\"iZPtxKIzMiY6\">\n<div class=\"brz-bg\"><\/div>\n<div class=\"brz-row brz-row--inner brz-css-p4toU brz-css-yfJyi\">\n<div class=\"brz-columns brz-css-tZ5Fs brz-css-d731l\" data-brz-custom-id=\"tVWgKbQQel1P\">\n<div class=\"brz-bg\"><\/div>\n<div class=\"brz-column__items brz-css-n1Suf\">\n<div id class=\"brz-css-mVTrI brz-wrapper\">\n<div class=\"brz-wooexcerpt brz-css-zjGl6 brz-css-y0fAB\">\n<div style=\"min-height:20px\"><\/div>\n<\/div>\n<\/div>\n<\/div>\n<\/div>\n<\/div>\n<\/div>\n<div class=\"brz-row__container brz-css-rO_8M\" data-brz-custom-id=\"g5kJQXWNK5M1\">\n<div class=\"brz-bg\"><\/div>\n<div class=\"brz-row brz-row--inner brz-css-p4toU\">\n<div class=\"brz-columns brz-css-tZ5Fs brz-css-soFBW\" data-brz-custom-id=\"kfJXOrCK662m\">\n<div class=\"brz-bg\"><\/div>\n<div class=\"brz-column__items brz-css-n1Suf\">\n<div id class=\"brz-css-mVTrI brz-wrapper\">\n<div class=\"brz-woo-price brz-css-m6xj7 brz-css-fzu2w\" data-brz-custom-id=\"p8WOWVkE4_UW\">\n<div style=\"min-height:20px\"><\/div>\n<\/div>\n<\/div>\n<\/div>\n<\/div>\n<div class=\"brz-columns brz-css-tZ5Fs\" data-brz-custom-id=\"tVbjKYKcHuY0\">\n<div class=\"brz-bg\"><\/div>\n<div class=\"brz-column__items brz-css-n1Suf\">\n<div id class=\"brz-css-mVTrI brz-wrapper\">\n<div class=\"brz-woo-add-to-cart brz-css-uzdZF brz-css-kPa_k\" data-brz-custom-id=\"rINvetMa66IA\">\n<div style=\"min-height:20px\"><\/div>\n<\/div>\n<\/div>\n<\/div>\n<\/div>\n<\/div>\n<\/div>\n<div class=\"brz-row__container brz-css-rO_8M\" data-brz-custom-id=\"vLB1hynvso5E\">\n<div class=\"brz-bg\"><\/div>\n<div class=\"brz-row brz-row--inner brz-css-p4toU\">\n<div class=\"brz-columns brz-css-tZ5Fs\" data-brz-custom-id=\"orHMXYHYhCu4\">\n<div class=\"brz-bg\"><\/div>\n<div class=\"brz-column__items brz-css-n1Suf\"><\/div>\n<\/div>\n<div class=\"brz-columns brz-css-tZ5Fs\" data-brz-custom-id=\"zY3kTtIPIVQC\">\n<div class=\"brz-bg\"><\/div>\n<div class=\"brz-column__items brz-css-n1Suf\"><\/div>\n<\/div>\n<\/div>\n<\/div>\n<\/div>\n<\/div>\n<div class=\"brz-columns brz-css-tZ5Fs\" data-brz-custom-id=\"wJq6CvLhREjv\">\n<div class=\"brz-bg\"><\/div>\n<div class=\"brz-column__items brz-css-n1Suf\">\n<div id class=\"brz-css-mVTrI brz-wrapper\">\n<div class=\"brz-woo-gallery brz-woo-gallery__style-bottom brz-woo-gallery__thumbsTB-4 brz-css-mSrZp brz-css-eqn1b\" data-brz-custom-id=\"fQJPsOp6hG27\">\n<div style=\"min-height:20px\"><\/div>\n<\/div>\n<\/div>\n<\/div>\n<\/div>\n<\/div>\n<\/div>\n<\/div>\n<\/div>\n<\/section>\n<section id=\"eFkczqe3sbhC\" class=\"brz-section brz-css-eXnBx\">\n<div class=\"brz-section__content brz-section--boxed brz-css-nYHWV brz-css-vkztB\" data-brz-custom-id=\"fDz5xFdFMASA\">\n<div class=\"brz-container brz-css-pb7pt brz-css-pXvez\">\n<div class=\"brz-row__container brz-css-rO_8M\" data-brz-custom-id=\"g2p6eiQ_VRHf\">\n<div class=\"brz-bg\"><\/div>\n<div class=\"brz-row brz-css-p4toU brz-css-yfJyi\">\n<div class=\"brz-columns brz-css-tZ5Fs brz-css-bH3gi\" data-brz-custom-id=\"bopj2vsCTLrh\">\n<div class=\"brz-bg\"><\/div>\n<div class=\"brz-column__items brz-css-n1Suf brz-css-dHDRP\">\n<div id class=\"brz-css-mVTrI brz-wrapper\">\n<div class=\"brz-rich-text brz-rich-text__custom brz-css-aUinZ\" data-brz-custom-id=\"vkOF1i5eYXud\">\n<div data-brz-translate-text=\"1\">\n<h2 class=\"brz-tp-lg-empty brz-ff-overpass brz-ft-google brz-fs-lg-30 brz-fss-lg-px brz-fw-lg-700 brz-ls-lg-0_5 brz-lh-lg-1_5 brz-css-eeYev\" data-uniq-id=\"fXjTF\" data-generated-css=\"brz-css-oYh00\">Filet de thon &#8211; Santa Catarina<\/h2>\n<\/div>\n<\/div>\n<\/div>\n<div id class=\"brz-css-mVTrI brz-css-eV5_W brz-css-wER0b brz-wrapper\">\n<div class=\"brz-spacer brz-css-yJS3t brz-css-ea5rO\"><\/div>\n<\/div>\n<div id class=\"brz-css-mVTrI brz-wrapper\">\n<div class=\"brz-rich-text brz-rich-text__custom brz-css-aUinZ\" data-brz-custom-id=\"tPG8DcSGxRov\">\n<div data-brz-translate-text=\"1\">\n<p class=\"brz-fs-lg-20 brz-ft-google brz-ff-overpass brz-tp-lg-empty brz-lh-lg-1_8 brz-ls-lg-0 brz-fw-lg-600 brz-fss-lg-px brz-css-aRYQ1\" data-generated-css=\"brz-css-jPk_t\" data-uniq-id=\"ndN72\">Histoire et technique de p&ecirc;che<\/p>\n<\/div>\n<\/div>\n<\/div>\n<div id class=\"brz-css-mVTrI brz-wrapper\">\n<div class=\"brz-rich-text brz-rich-text__custom brz-css-aUinZ\" data-brz-custom-id=\"bQHglvmvwSdq\">\n<div data-brz-translate-text=\"1\">\n<p class=\"brz-tp-lg-empty brz-ff-overpass brz-ft-google brz-fs-lg-14 brz-fss-lg-px brz-fw-lg-400 brz-ls-lg-0 brz-lh-lg-1_5 brz-css-z1gIJ\" data-generated-css=\"brz-css-fFxn6\" data-uniq-id=\"iihw0\">L&rsquo;usine Santa Catarina est localis&eacute;e dans la ville de Calheta, sur l&rsquo;&icirc;le de S&atilde;o Jorge, dans l&rsquo;archipel des A&ccedil;ores.<\/p>\n<p class=\"brz-tp-lg-empty brz-ff-overpass brz-ft-google brz-fs-lg-14 brz-fss-lg-px brz-fw-lg-400 brz-ls-lg-0 brz-lh-lg-1_5 brz-css-se6q7\" data-generated-css=\"brz-css-gGV6c\" data-uniq-id=\"ocJy1\">\n<p class=\"brz-tp-lg-empty brz-ff-overpass brz-ft-google brz-fs-lg-14 brz-fss-lg-px brz-fw-lg-400 brz-ls-lg-0 brz-lh-lg-1_5 brz-css-bm_R6\" data-generated-css=\"brz-css-sY4VP\" data-uniq-id=\"gnKR7\">Depuis le ann&eacute;es 40, cette entreprise p&ecirc;che et transforme le thon de mani&egrave;re artisanal. <\/p>\n<p class=\"brz-tp-lg-empty brz-ff-overpass brz-ft-google brz-fs-lg-14 brz-fss-lg-px brz-fw-lg-400 brz-ls-lg-0 brz-lh-lg-1_5 brz-css-dDEr0\" data-generated-css=\"brz-css-dPigw\" data-uniq-id=\"niJPS\">\n<p class=\"brz-tp-lg-empty brz-ff-overpass brz-ft-google brz-fs-lg-14 brz-fss-lg-px brz-fw-lg-400 brz-ls-lg-0 brz-lh-lg-1_5 brz-css-b45L7\" data-generated-css=\"brz-css-ccLXs\" data-uniq-id=\"n7twv\">L&rsquo;usine de transformation emploi une 20aine d&rsquo;homme et une 100aine de femme.  <\/p>\n<p class=\"brz-tp-lg-empty brz-ff-overpass brz-ft-google brz-fs-lg-14 brz-fss-lg-px brz-fw-lg-400 brz-ls-lg-0 brz-lh-lg-1_5 brz-css-ilDyJ\" data-generated-css=\"brz-css-xCmym\" data-uniq-id=\"bF15M\">\n<p class=\"brz-tp-lg-empty brz-ff-overpass brz-ft-google brz-fs-lg-14 brz-fss-lg-px brz-fw-lg-400 brz-ls-lg-0 brz-lh-lg-1_5 brz-css-eIONr\" data-generated-css=\"brz-css-jGtdO\" data-uniq-id=\"uLefb\">La p&ecirc;che est r&eacute;alis&eacute; avec une m&eacute;thode ancienne appel&eacute; \u00ab\u00a0Salto e vara\u00a0\u00bb Ils commencent par d&eacute;tecter la pr&eacute;sence de thon gr&acirc;ce &agrave; des jumelles. Puis, ils s&rsquo;approchent, &eacute;teignent les moteurs et allument les douches qui, simulent la fuite des petits poissons dont se nourrissent les thons. Les douches cachent les p&ecirc;cheurs du champ de vision des poissons.<\/p>\n<p class=\"brz-tp-lg-empty brz-ff-overpass brz-ft-google brz-fs-lg-14 brz-fss-lg-px brz-fw-lg-400 brz-ls-lg-0 brz-lh-lg-1_5 brz-css-kIbkj\" data-generated-css=\"brz-css-c_Ufu\" data-uniq-id=\"miPHr\">Ils jettent ensuite l&rsquo;app&acirc;t &agrave; la mer pour attirer l&rsquo;&eacute;cole et<\/p>\n<p class=\"brz-tp-lg-empty brz-ff-overpass brz-ft-google brz-fs-lg-14 brz-fss-lg-px brz-fw-lg-400 brz-ls-lg-0 brz-lh-lg-1_5 brz-css-oDbqU\" data-generated-css=\"brz-css-hr0SQ\" data-uniq-id=\"yRwR1\">commencer les activit&eacute;s de p&ecirc;che. Il s&rsquo;agit d&rsquo;un exemple qui permet aux p&ecirc;cheurs de capturer uniquement les poissons dont ils ont besoin sans mettre en danger d&rsquo;autres esp&egrave;ces ou des poissons plus petits.<\/p>\n<p class=\"brz-tp-lg-empty brz-ff-overpass brz-ft-google brz-fs-lg-14 brz-fss-lg-px brz-fw-lg-400 brz-ls-lg-0 brz-lh-lg-1_5 brz-css-bDai6\" data-generated-css=\"brz-css-co84b\" data-uniq-id=\"hLRLP\">\n<p class=\"brz-tp-lg-empty brz-ff-overpass brz-ft-google brz-fs-lg-14 brz-fss-lg-px brz-fw-lg-400 brz-ls-lg-0 brz-lh-lg-1_5 brz-css-kNlbH\" data-generated-css=\"brz-css-bdTzC\" data-uniq-id=\"jw8xa\">Cette m&eacute;thode de p&ecirc;che est certifi&eacute;e depuis 1998 par l&rsquo;organisation non gouvernementale Earth Island Institute comme &eacute;tant &laquo; Dolphin Safe &raquo;, en raison deses faibles caract&eacute;ristiques pr&eacute;datrices, et depuis 2001 comme &laquo; Ami de la mer &raquo;, &eacute;tant la premi&egrave;re p&ecirc;cherie de thon au monde &agrave; obtenir ce type de certification. <\/p>\n<p class=\"brz-tp-lg-empty brz-ff-overpass brz-ft-google brz-fs-lg-14 brz-fss-lg-px brz-fw-lg-400 brz-ls-lg-0 brz-lh-lg-1_5 brz-css-xuDx5\" data-generated-css=\"brz-css-wb7sm\" data-uniq-id=\"o4cY_\">\n<p class=\"brz-tp-lg-empty brz-ff-overpass brz-ft-google brz-fs-lg-14 brz-fss-lg-px brz-fw-lg-400 brz-ls-lg-0 brz-lh-lg-1_5 brz-css-zSkEz\" data-generated-css=\"brz-css-sDY5K\" data-uniq-id=\"lzmod\">\n<p class=\"brz-tp-lg-empty brz-ff-overpass brz-ft-google brz-fs-lg-14 brz-fss-lg-px brz-fw-lg-400 brz-ls-lg-0 brz-lh-lg-1_5 brz-css-itoe_\" data-generated-css=\"brz-css-joXZg\" data-uniq-id=\"hPkEI\">\n<p class=\"brz-tp-lg-empty brz-ff-overpass brz-ft-google brz-fs-lg-14 brz-fss-lg-px brz-fw-lg-400 brz-ls-lg-0 brz-lh-lg-1_5 brz-css-zSwZ_\" data-generated-css=\"brz-css-rs0wa\" data-uniq-id=\"oGZo4\">\n<p class=\"brz-tp-lg-empty brz-ff-overpass brz-ft-google brz-fs-lg-14 brz-fss-lg-px brz-fw-lg-400 brz-ls-lg-0 brz-lh-lg-1_5 brz-css-rmNPI\" data-generated-css=\"brz-css-swYcu\" data-uniq-id=\"lLMOE\">\n<\/div>\n<\/div>\n<\/div>\n<\/div>\n<\/div>\n<div class=\"brz-columns brz-css-tZ5Fs brz-css-mxlvo\" data-brz-custom-id=\"bYZaPi7Up2tA\">\n<div class=\"brz-column__items brz-css-n1Suf brz-css-jFu3R\">\n<div id class=\"brz-css-mVTrI brz-wrapper\">\n<div class=\"brz-rich-text brz-rich-text__custom brz-css-aUinZ\" data-brz-custom-id=\"fKAgtk6LNojA\">\n<div data-brz-translate-text=\"1\">\n<h4 class=\"brz-lh-lg-1_5 brz-ls-lg-0 brz-fw-lg-700 brz-fss-lg-px brz-fs-lg-14 brz-ft-google brz-ff-raleway brz-tp-lg-empty brz-css-i7gMg\" data-uniq-id=\"ffauo\" data-generated-css=\"brz-css-qfawl\"><\/h4>\n<\/div>\n<\/div>\n<\/div>\n<div class=\"brz-row__container brz-css-rO_8M\" data-brz-custom-id=\"lgGnkra7OeI4\">\n<div class=\"brz-bg\"><\/div>\n<div class=\"brz-row brz-row--inner brz-css-p4toU\">\n<div class=\"brz-columns brz-css-tZ5Fs brz-css-pLNvA\" data-brz-custom-id=\"pj3F0pgCBvbZ\">\n<div class=\"brz-bg\"><\/div>\n<div class=\"brz-column__items brz-css-n1Suf\">\n<div id class=\"brz-css-mVTrI brz-wrapper\">\n<div class=\"brz-rich-text brz-rich-text__custom brz-css-aUinZ\" data-brz-custom-id=\"qOWYhfmDH49u\">\n<div data-brz-translate-text=\"1\">\n<p data-uniq-id=\"fywef\" data-generated-css=\"brz-css-ktvtg\" class=\"brz-fss-lg-px brz-fw-lg-600 brz-ls-lg-0 brz-lh-lg-1_8 brz-tp-lg-empty brz-ff-overpass brz-ft-google brz-fs-lg-20 brz-css-ttJHA\">Producteur<\/p>\n<\/div>\n<\/div>\n<\/div>\n<\/div>\n<\/div>\n<div class=\"brz-columns brz-css-tZ5Fs brz-css-miXPd\" data-brz-custom-id=\"e4Y71bSNSXde\">\n<div class=\"brz-bg\"><\/div>\n<div class=\"brz-column__items brz-css-n1Suf\">\n<div id class=\"brz-css-mVTrI brz-wrapper\">\n<div class=\"brz-rich-text brz-rich-text__custom brz-css-aUinZ\" data-brz-custom-id=\"d_tUBq3twDs3\">\n<div data-brz-translate-text=\"1\">\n<p class=\"brz-tp-lg-empty brz-ff-overpass brz-ft-google brz-fs-lg-14 brz-fss-lg-px brz-fw-lg-400 brz-ls-lg-0 brz-lh-lg-1_8 brz-css-g1YHz\" data-uniq-id=\"eabVh\" data-generated-css=\"brz-css-a9cd8\">Santa Catarina<\/p>\n<\/div>\n<\/div>\n<\/div>\n<\/div>\n<\/div>\n<\/div>\n<\/div>\n<div class=\"brz-row__container brz-css-rO_8M\" data-brz-custom-id=\"aaENhK19dhOb\">\n<div class=\"brz-bg\"><\/div>\n<div class=\"brz-row brz-row--inner brz-css-p4toU\">\n<div class=\"brz-columns brz-css-tZ5Fs brz-css-z0mcz\" data-brz-custom-id=\"p4yCWBVDVf6W\">\n<div class=\"brz-bg\"><\/div>\n<div class=\"brz-column__items brz-css-n1Suf\">\n<div id class=\"brz-css-mVTrI brz-wrapper\">\n<div class=\"brz-rich-text brz-rich-text__custom brz-css-aUinZ\" data-brz-custom-id=\"eoz6m0p4Sxdj\">\n<div data-brz-translate-text=\"1\">\n<p data-uniq-id=\"lnlnl\" data-generated-css=\"brz-css-gbrgr\" class=\"brz-ft-google brz-fs-lg-20 brz-fss-lg-px brz-fw-lg-600 brz-ls-lg-0 brz-lh-lg-1_8 brz-tp-lg-empty brz-ff-overpass brz-css-y10T5\">G&eacute;ographie <\/p>\n<\/div>\n<\/div>\n<\/div>\n<\/div>\n<\/div>\n<div class=\"brz-columns brz-css-tZ5Fs brz-css-vJ26S\" data-brz-custom-id=\"vxdGp84SnSS_\">\n<div class=\"brz-bg\"><\/div>\n<div class=\"brz-column__items brz-css-n1Suf\">\n<div id class=\"brz-css-mVTrI brz-wrapper\">\n<div class=\"brz-rich-text brz-rich-text__custom brz-css-aUinZ\" data-brz-custom-id=\"izmghHt749vG\">\n<div data-brz-translate-text=\"1\">\n<p class=\"brz-tp-lg-empty brz-ff-overpass brz-ft-google brz-fs-lg-14 brz-fss-lg-px brz-fw-lg-400 brz-ls-lg-0 brz-lh-lg-1_8 brz-css-a37FP\" data-uniq-id=\"xWByS\" data-generated-css=\"brz-css-qBtzT\">Localisation :  Ile de Sao Jorge \/ A&ccedil;ores <\/p>\n<p class=\"brz-tp-lg-empty brz-ff-overpass brz-ft-google brz-fs-lg-14 brz-fss-lg-px brz-fw-lg-400 brz-ls-lg-0 brz-lh-lg-1_8 brz-css-s0eIU\" data-uniq-id=\"xWByS\" data-generated-css=\"brz-css-qBtzT\">Pays : Portugal<\/p>\n<p class=\"brz-tp-lg-empty brz-ff-overpass brz-ft-google brz-fs-lg-14 brz-fss-lg-px brz-fw-lg-400 brz-ls-lg-0 brz-lh-lg-1_8 brz-css-jaGKz\" data-uniq-id=\"hwJs1\" data-generated-css=\"brz-css-hHj84\"><\/p>\n<\/div>\n<\/div>\n<\/div>\n<\/div>\n<\/div>\n<\/div>\n<\/div>\n<div class=\"brz-row__container brz-css-rO_8M\" data-brz-custom-id=\"xeVvTIvwJlMM\">\n<div class=\"brz-bg\"><\/div>\n<div class=\"brz-row brz-row--inner brz-css-p4toU\">\n<div class=\"brz-columns brz-css-tZ5Fs brz-css-ziZGt\" data-brz-custom-id=\"ihUihXtPCpg0\">\n<div class=\"brz-bg\"><\/div>\n<div class=\"brz-column__items brz-css-n1Suf\">\n<div id class=\"brz-css-mVTrI brz-wrapper\">\n<div class=\"brz-rich-text brz-rich-text__custom brz-css-aUinZ\" data-brz-custom-id=\"xMxZKxf6okkx\">\n<div data-brz-translate-text=\"1\">\n<p class=\"brz-fw-lg-600 brz-fss-lg-px brz-fs-lg-20 brz-ft-google brz-ff-overpass brz-tp-lg-empty brz-lh-lg-1_8 brz-ls-lg-0 brz-css-jrAiN\" data-generated-css=\"brz-css-pURm2\" data-uniq-id=\"zvKa7\">Esp&egrave;ce<\/p>\n<\/div>\n<\/div>\n<\/div>\n<\/div>\n<\/div>\n<div class=\"brz-columns brz-css-tZ5Fs brz-css-csNp4\" data-brz-custom-id=\"sO_4wkF9XQEe\">\n<div class=\"brz-bg\"><\/div>\n<div class=\"brz-column__items brz-css-n1Suf\">\n<div id class=\"brz-css-mVTrI brz-wrapper\">\n<div class=\"brz-rich-text brz-rich-text__custom brz-css-aUinZ\" data-brz-custom-id=\"x9YIVXF_vOsT\">\n<div data-brz-translate-text=\"1\">\n<p class=\"brz-tp-lg-empty brz-ff-overpass brz-ft-google brz-fs-lg-14 brz-fss-lg-px brz-fw-lg-400 brz-ls-lg-0 brz-lh-lg-1_8 brz-css-tfDmy\" data-uniq-id=\"u9gcA\" data-generated-css=\"brz-css-iOxwV\">Bonite<\/p>\n<\/div>\n<\/div>\n<\/div>\n<\/div>\n<\/div>\n<\/div>\n<\/div>\n<div class=\"brz-row__container brz-css-rO_8M\" data-brz-custom-id=\"xyKRkTCbvlVb\">\n<div class=\"brz-bg\"><\/div>\n<div class=\"brz-row brz-row--inner brz-css-p4toU\">\n<div class=\"brz-columns brz-css-tZ5Fs brz-css-k9MnF\" data-brz-custom-id=\"dA2kImA5fXHE\">\n<div class=\"brz-bg\"><\/div>\n<div class=\"brz-column__items brz-css-n1Suf\">\n<div id class=\"brz-css-mVTrI brz-wrapper\">\n<div class=\"brz-rich-text brz-rich-text__custom brz-css-aUinZ\" data-brz-custom-id=\"kh8_k9j0oQdR\">\n<div data-brz-translate-text=\"1\">\n<p data-uniq-id=\"ehcmf\" data-generated-css=\"brz-css-yngcr\" class=\"brz-ls-lg-0 brz-lh-lg-1_8 brz-tp-lg-empty brz-ff-overpass brz-ft-google brz-fs-lg-20 brz-fss-lg-px brz-fw-lg-600 brz-css-kjpvI\">Info technique <\/p>\n<\/div>\n<\/div>\n<\/div>\n<\/div>\n<\/div>\n<div class=\"brz-columns brz-css-tZ5Fs brz-css-n18Rl\" data-brz-custom-id=\"wa1WphOBVrlE\">\n<div class=\"brz-bg\"><\/div>\n<div class=\"brz-column__items brz-css-n1Suf\">\n<div id class=\"brz-css-mVTrI brz-wrapper\">\n<div class=\"brz-rich-text brz-rich-text__custom brz-css-aUinZ\" data-brz-custom-id=\"l2KJ6cJ4rwHS\">\n<div data-brz-translate-text=\"1\">\n<p class=\"brz-tp-lg-empty brz-ff-overpass brz-ft-google brz-fs-lg-14 brz-fss-lg-px brz-fw-lg-400 brz-ls-lg-0 brz-lh-lg-1_3 brz-css-yZ1zY\" data-uniq-id=\"q_Eu2\" data-generated-css=\"brz-css-wGZLy\">Composition :<\/p>\n<p class=\"brz-tp-lg-empty brz-ff-overpass brz-ft-google brz-fs-lg-14 brz-fss-lg-px brz-fw-lg-400 brz-ls-lg-0 brz-lh-lg-1_3 brz-css-sssu1\" data-uniq-id=\"q_Eu2\" data-generated-css=\"brz-css-wGZLy\">Filet de thon, huile d&rsquo;olive biologique, sel. <\/p>\n<p class=\"brz-lh-lg-1_3 brz-ls-lg-0 brz-fw-lg-400 brz-fss-lg-px brz-fs-lg-14 brz-ft-google brz-ff-lato brz-tp-lg-empty brz-css-jM_Ed\" data-uniq-id=\"rWkg0\" data-generated-css=\"brz-css-mhJzc\"><\/p>\n<p data-uniq-id=\"tnneZ\" data-generated-css=\"brz-css-aVhoS\" class=\"brz-css-liFAP\"><\/p>\n<\/div>\n<\/div>\n<\/div>\n<\/div>\n<\/div>\n<\/div>\n<\/div>\n<\/div>\n<\/div>\n<\/div>\n<\/div>\n<\/div>\n<\/div>\n<\/section>\n<\/div>\n<p>    <\/body><\/html><br \/>\n<!-- version:1715934307 --><\/p>\n","protected":false},"excerpt":{"rendered":"<p>Le thon p\u00each\u00e9 exactement comme on est cens\u00e9 le faire pour une p\u00eache r\u00e9ellement durable.<\/p>\n<p>Filets de thon \u00e0 l\u2019huile biologique de <a href=\"https:\/\/www.latiendadelasconservas.es\/conserveras\/santa-catarina\/\">Santa Catarina<\/a>.<\/p>\n<p>Le thon est p\u00each\u00e9 dans les eaux de l\u2019Atlantique \u00e0 la ligne et \u00e0 l\u2019hame\u00e7on, selon une technique de p\u00eache traditionnelle et centenaire appel\u00e9e \u201cSALTO E VARA\u201d. Il est ensuite cuit en saumure, selon la tradition des anciens conserveurs de l\u2019\u00eele de Saint-Georges. Le r\u00e9sultat est un thon \u00e0 la saveur et \u00e0 la texture incomparables.<\/p>\n<p>Boite de 120g<\/p>\n","protected":false},"featured_media":3455,"comment_status":"open","ping_status":"closed","template":"brizy-blank-template.php","meta":[],"product_cat":[18],"product_tag":[],"_links":{"self":[{"href":"https:\/\/venfret.fr\/index.php\/wp-json\/wp\/v2\/product\/3454"}],"collection":[{"href":"https:\/\/venfret.fr\/index.php\/wp-json\/wp\/v2\/product"}],"about":[{"href":"https:\/\/venfret.fr\/index.php\/wp-json\/wp\/v2\/types\/product"}],"replies":[{"embeddable":true,"href":"https:\/\/venfret.fr\/index.php\/wp-json\/wp\/v2\/comments?post=3454"}],"wp:featuredmedia":[{"embeddable":true,"href":"https:\/\/venfret.fr\/index.php\/wp-json\/wp\/v2\/media\/3455"}],"wp:attachment":[{"href":"https:\/\/venfret.fr\/index.php\/wp-json\/wp\/v2\/media?parent=3454"}],"wp:term":[{"taxonomy":"product_cat","embeddable":true,"href":"https:\/\/venfret.fr\/index.php\/wp-json\/wp\/v2\/product_cat?post=3454"},{"taxonomy":"product_tag","embeddable":true,"href":"https:\/\/venfret.fr\/index.php\/wp-json\/wp\/v2\/product_tag?post=3454"}],"curies":[{"name":"wp","href":"https:\/\/api.w.org\/{rel}","templated":true}]}}