{"id":652,"date":"2021-04-11T18:24:59","date_gmt":"2021-04-11T16:24:59","guid":{"rendered":"http:\/\/venfret.fr\/?post_type=product&#038;p=652"},"modified":"2024-05-17T08:36:48","modified_gmt":"2024-05-17T06:36:48","slug":"caixeiro-olives-a-lhuile-extra-vierge-et-au-citron","status":"publish","type":"product","link":"https:\/\/venfret.fr\/index.php\/produit\/caixeiro-olives-a-lhuile-extra-vierge-et-au-citron\/","title":{"rendered":"Caixeiro \u2013 Olives \u00e0 l\u2019huile extra vierge et au citron"},"content":{"rendered":"<div class=\"brz-root__container brz-reset-all\">\n<section id=\"ckycwvrpjbkypskmygypbejnzpezlehdixds\" class=\"brz-section brz-css-mBHUe\">\n<div class=\"brz-section__content brz-section--boxed brz-css-fSFfB brz-css-xO4cp\" data-brz-custom-id=\"gzhzvhdrcfwcqiqhoxiurinutuvbahtfecyb\">\n<div class=\"brz-container brz-css-zNBEj\">\n<div class=\"brz-row__container brz-css-nqTXu\" data-brz-custom-id=\"utdzklbagmmkikexieeqvgklcaakqvosowap\">\n<div class=\"brz-bg\"><\/div>\n<div class=\"brz-row brz-css-l5ciB brz-css-fDwU9\">\n<div class=\"brz-columns brz-css-iLWSK\" data-brz-custom-id=\"gqdpngwkeenrnvwvpzfrhtqwwoqnruwcjffi\">\n<div class=\"brz-bg\"><\/div>\n<div class=\"brz-column__items brz-css-gvmbx\">\n<div class=\"brz-row__container brz-css-nqTXu\" data-brz-custom-id=\"offkczfbtrgfbxnnjutojtazkuuluihoyszq\">\n<div class=\"brz-bg\"><\/div>\n<div class=\"brz-row brz-row--inner brz-css-l5ciB\">\n<div class=\"brz-columns brz-css-iLWSK brz-css-g9mrS\" data-brz-custom-id=\"tlnaacoxwfhvehsmktvncxkywimpzlhtppnh\">\n<div class=\"brz-bg\"><\/div>\n<div class=\"brz-column__items brz-css-gvmbx\">\n<div id class=\"brz-css-oAhSZ brz-wrapper\">\n<div class=\"brz-rich-text brz-rich-text__custom brz-css-eAj8i\" data-brz-custom-id=\"wlftxtdvfhbcamgtkxkugmtnqxiadukozyzm\">\n<div data-brz-translate-text=\"1\">\n<p data-uniq-id=\"gzwxa\" data-generated-css=\"brz-css-nwafa\" class=\"brz-tp-lg-empty brz-ff-raleway brz-ft-google brz-fs-lg-0 brz-fss-lg-px brz-fw-lg-400 brz-ls-lg-0 brz-lh-lg-1_8 brz-css-xOUQV\"><\/p>\n<\/div>\n<\/div>\n<\/div>\n<\/div>\n<\/div>\n<\/div>\n<\/div>\n<div class=\"brz-row__container brz-css-nqTXu\" data-brz-custom-id=\"sqrzaychavbfyuqclfpqkwotrctkptqgcwuk\">\n<div class=\"brz-bg\"><\/div>\n<div class=\"brz-row brz-row--inner brz-css-l5ciB brz-css-fDwU9\">\n<div class=\"brz-columns brz-css-iLWSK brz-css-sM1Xv\" data-brz-custom-id=\"szlbiclstaoxpgzlxoqohbgjzzrvljlclvma\">\n<div class=\"brz-bg\"><\/div>\n<div class=\"brz-column__items brz-css-gvmbx\">\n<div id class=\"brz-css-oAhSZ brz-wrapper\">\n<div class=\"brz-wp-title brz-css-gR3vL brz-css-s2Qc8\" data-brz-custom-id=\"kqfdnuacnrwicedshwfkbhefvxjfunaeckzx\"><span class=\"brz-wp-title-content\" style=\"min-height:20px\"><\/span><\/div>\n<\/div>\n<\/div>\n<\/div>\n<\/div>\n<\/div>\n<div class=\"brz-row__container brz-css-nqTXu\" data-brz-custom-id=\"jtztaionfvqqjvbnvvynhailugwvvaxhlzqc\">\n<div class=\"brz-bg\"><\/div>\n<div class=\"brz-row brz-row--inner brz-css-l5ciB brz-css-fDwU9\">\n<div class=\"brz-columns brz-css-iLWSK brz-css-lT7T2\" data-brz-custom-id=\"cscrtuktygeabmzdnxucvnrfkhsisctayuke\">\n<div class=\"brz-bg\"><\/div>\n<div class=\"brz-column__items brz-css-gvmbx\">\n<div id class=\"brz-css-oAhSZ brz-wrapper\">\n<div class=\"brz-wooexcerpt brz-css-yx5tm brz-css-yfSqx\">\n<div style=\"min-height:20px\"><\/div>\n<\/div>\n<\/div>\n<\/div>\n<\/div>\n<\/div>\n<\/div>\n<div class=\"brz-row__container brz-css-nqTXu\" data-brz-custom-id=\"iotekxlpuqyxeyllgetrhtyavcfwtynduafo\">\n<div class=\"brz-bg\"><\/div>\n<div class=\"brz-row brz-row--inner brz-css-l5ciB\">\n<div class=\"brz-columns brz-css-iLWSK brz-css-hPYoK\" data-brz-custom-id=\"cxdazesbqfqkxlsmtxguzcapnxpupjdyicez\">\n<div class=\"brz-bg\"><\/div>\n<div class=\"brz-column__items brz-css-gvmbx\">\n<div id class=\"brz-css-oAhSZ brz-wrapper\">\n<div class=\"brz-woo-price brz-css-o0KQm brz-css-ytLVq\" data-brz-custom-id=\"funncqxyhbmlqkjfxmtveutjxjzkwioqtuyj\">\n<div style=\"min-height:20px\"><\/div>\n<\/div>\n<\/div>\n<\/div>\n<\/div>\n<div class=\"brz-columns brz-css-iLWSK\" data-brz-custom-id=\"kygnqtrmlsrdjaqyzkjkchsyaeecqgcfwzfl\">\n<div class=\"brz-bg\"><\/div>\n<div class=\"brz-column__items brz-css-gvmbx\">\n<div id class=\"brz-css-oAhSZ brz-wrapper\">\n<div class=\"brz-woo-add-to-cart brz-css-kP9k4 brz-css-rzVAg\" data-brz-custom-id=\"nhsjcqwutqfocsruvrmccfmaakubqoylyplw\">\n<div style=\"min-height:20px\"><\/div>\n<\/div>\n<\/div>\n<\/div>\n<\/div>\n<\/div>\n<\/div>\n<div class=\"brz-row__container brz-css-nqTXu\" data-brz-custom-id=\"ikrqkmajfbvldcvribicovkshwpaucyxqsli\">\n<div class=\"brz-bg\"><\/div>\n<div class=\"brz-row brz-row--inner brz-css-l5ciB\">\n<div class=\"brz-columns brz-css-iLWSK\" data-brz-custom-id=\"jxfxxguadgarszfmtthttuqiwyuwniufexla\">\n<div class=\"brz-bg\"><\/div>\n<div class=\"brz-column__items brz-css-gvmbx\"><\/div>\n<\/div>\n<div class=\"brz-columns brz-css-iLWSK\" data-brz-custom-id=\"utvcuzabkrzfzayramhmrxytpehcjfrtjbjs\">\n<div class=\"brz-bg\"><\/div>\n<div class=\"brz-column__items brz-css-gvmbx\"><\/div>\n<\/div>\n<\/div>\n<\/div>\n<\/div>\n<\/div>\n<div class=\"brz-columns brz-css-iLWSK\" data-brz-custom-id=\"xztzyotlrlaczojvgtlxnfzoaxnoposibfvj\">\n<div class=\"brz-bg\"><\/div>\n<div class=\"brz-column__items brz-css-gvmbx\">\n<div id class=\"brz-css-oAhSZ brz-wrapper\">\n<div class=\"brz-woo-gallery brz-woo-gallery__style-bottom brz-woo-gallery__thumbsTB-4 brz-css-brO13 brz-css-zxwEF\" data-brz-custom-id=\"cenixonlcwtaiyzzkfjlftsmkkdbmmjucdbc\">\n<div style=\"min-height:20px\"><\/div>\n<\/div>\n<\/div>\n<\/div>\n<\/div>\n<\/div>\n<\/div>\n<\/div>\n<\/div>\n<\/section>\n<section id=\"uromdvlhkhtlgftzqksmstqqhljqnlgodbso\" class=\"brz-section brz-css-mBHUe\">\n<div class=\"brz-section__content brz-section--boxed brz-css-fSFfB brz-css-gaZ4B\" data-brz-custom-id=\"hwfbagqjlhzuqhkylpiucioexfojszksisjz\">\n<div class=\"brz-container brz-css-zNBEj brz-css-aHZU3\">\n<div class=\"brz-row__container brz-css-nqTXu\" data-brz-custom-id=\"hcgxcirrgseeawxyymhxwwpwrvgfsvquzmav\">\n<div class=\"brz-bg\"><\/div>\n<div class=\"brz-row brz-css-l5ciB brz-css-fDwU9\">\n<div class=\"brz-columns brz-css-iLWSK brz-css-wItfS\" data-brz-custom-id=\"vkuakmsuxzwaftefwucokoogkogvatqjmiad\">\n<div class=\"brz-bg\"><\/div>\n<div class=\"brz-column__items brz-css-gvmbx brz-css-uZQRO\">\n<div id class=\"brz-css-oAhSZ brz-wrapper\">\n<div class=\"brz-rich-text brz-rich-text__custom brz-css-eAj8i\" data-brz-custom-id=\"yzqwxjihigiphkwuzukuyhigbdtggcyppbbk\">\n<div data-brz-translate-text=\"1\">\n<h2 class=\"brz-lh-lg-1_5 brz-ls-lg-0_5 brz-fw-lg-700 brz-fss-lg-px brz-fs-lg-30 brz-ft-google brz-ff-overpass brz-tp-lg-empty brz-css-mH9Mf\" data-generated-css=\"brz-css-hqagm\" data-uniq-id=\"aeldq\">Olive &agrave; l&rsquo;huile et au citron Caixeiro<\/h2>\n<\/div>\n<\/div>\n<\/div>\n<div id class=\"brz-css-oAhSZ brz-css-vRk9n brz-css-yI7wE brz-wrapper\">\n<div class=\"brz-spacer brz-css-b48Ca brz-css-bnSNd\"><\/div>\n<\/div>\n<div id class=\"brz-css-oAhSZ brz-wrapper\">\n<div class=\"brz-rich-text brz-rich-text__custom brz-css-eAj8i\" data-brz-custom-id=\"jnkqgdwpgjkmlavjmixvwflvnojdjxjtjfve\">\n<div data-brz-translate-text=\"1\">\n<p data-uniq-id=\"aljnw\" data-generated-css=\"brz-css-iibkp\" class=\"brz-fss-lg-px brz-fw-lg-600 brz-ls-lg-0 brz-lh-lg-1_8 brz-tp-lg-empty brz-ff-overpass brz-ft-google brz-fs-lg-20 brz-css-qpABe\">Histoire <\/p>\n<\/div>\n<\/div>\n<\/div>\n<div id class=\"brz-css-oAhSZ brz-wrapper\">\n<div class=\"brz-rich-text brz-rich-text__custom brz-css-eAj8i\" data-brz-custom-id=\"elqkeexrdzpieoqvyfifkosgosicglrpahdw\">\n<div data-brz-translate-text=\"1\">\n<p data-uniq-id=\"xfaay\" data-generated-css=\"brz-css-pqhfl\" class=\"brz-css-cDzCd\">Edgar et <span style=\"background-color: transparent\">Andr&eacute;, amis d&rsquo;enfance, ont repris les terres familiales pour continuer de perp&eacute;tuer le savoir faire agricole portugais. Sur 70 petites parcelles de 1 hectare environ, ils cultivent diff&eacute;rents arbres fruitiers, principalement des oliviers mais &eacute;galement des amandiers et ch&acirc;taigniers.&nbsp;<\/span><\/p>\n<p data-uniq-id=\"zatqk\" data-generated-css=\"brz-css-nbkxb\" class=\"brz-css-dFjSo\"><span style=\"background-color: transparent\">Leurs terres se situent dans la r&eacute;gion de Tras os Montes au nord-est du Portugal et appartiennent &agrave; leurs familles depuis 1926.<\/span><\/p>\n<p data-uniq-id=\"vsgnb\" data-generated-css=\"brz-css-xldix\" class=\"brz-css-q7Saw\"><span style=\"background-color: transparent\">&nbsp;La g&eacute;ographie de cette r&eacute;gion est particuli&egrave;rement int&eacute;ressante pour l&rsquo;arboriculture car elle se situe &agrave; la jonction entre le climat chaud au sud et le froid des montagnes au nord.&nbsp;<\/span><\/p>\n<p data-uniq-id=\"nyzfm\" data-generated-css=\"brz-css-gnwsw\" class=\"brz-css-rbLTF\"><span style=\"background-color: transparent\">La majeure partie de leurs terres sont certifi&eacute;es agriculture biologique.<\/span><\/p>\n<p class=\"brz-tp-lg-paragraph brz-css-x9i2x\" data-generated-css=\"brz-css-xufux\" data-uniq-id=\"taass\"><\/p>\n<\/div>\n<\/div>\n<\/div>\n<\/div>\n<\/div>\n<div class=\"brz-columns brz-css-iLWSK brz-css-v9FqY\" data-brz-custom-id=\"akkwdayqtzdaikkkmxdzjahcmqcrbagqxlat\">\n<div class=\"brz-column__items brz-css-gvmbx brz-css-b43PS\">\n<div id class=\"brz-css-oAhSZ brz-wrapper\">\n<div class=\"brz-rich-text brz-rich-text__custom brz-css-eAj8i\" data-brz-custom-id=\"lbldsapcaeaefghdowwmqrtcpvywjoqmoihb\">\n<div data-brz-translate-text=\"1\">\n<h4 class=\"brz-lh-lg-1_5 brz-ls-lg-0 brz-fw-lg-700 brz-fss-lg-px brz-fs-lg-14 brz-ft-google brz-ff-raleway brz-tp-lg-empty brz-css-nWYPI\" data-uniq-id=\"ffauo\" data-generated-css=\"brz-css-qfawl\"><\/h4>\n<\/div>\n<\/div>\n<\/div>\n<div class=\"brz-row__container brz-css-nqTXu\" data-brz-custom-id=\"icxpvutyivjyohgawycuextldkynewirmhpv\">\n<div class=\"brz-bg\"><\/div>\n<div class=\"brz-row brz-row--inner brz-css-l5ciB\">\n<div class=\"brz-columns brz-css-iLWSK brz-css-b1dRw\" data-brz-custom-id=\"qmqrigtegpdtvzgpfwmukliqqnohgimagpmi\">\n<div class=\"brz-bg\"><\/div>\n<div class=\"brz-column__items brz-css-gvmbx\">\n<div id class=\"brz-css-oAhSZ brz-wrapper\">\n<div class=\"brz-rich-text brz-rich-text__custom brz-css-eAj8i\" data-brz-custom-id=\"nrjriuzzyuyynnidlrefbuadfxcjjbsanqcb\">\n<div data-brz-translate-text=\"1\">\n<p data-uniq-id=\"fywef\" data-generated-css=\"brz-css-ktvtg\" class=\"brz-fss-lg-px brz-fw-lg-600 brz-ls-lg-0 brz-lh-lg-1_8 brz-tp-lg-empty brz-ff-overpass brz-ft-google brz-fs-lg-20 brz-css-k5F0C\">Producteur<\/p>\n<\/div>\n<\/div>\n<\/div>\n<\/div>\n<\/div>\n<div class=\"brz-columns brz-css-iLWSK brz-css-hC7D1\" data-brz-custom-id=\"qeryoocjluwmlunnyturlrfvobctzlsersjr\">\n<div class=\"brz-bg\"><\/div>\n<div class=\"brz-column__items brz-css-gvmbx\">\n<div id class=\"brz-css-oAhSZ brz-wrapper\">\n<div class=\"brz-rich-text brz-rich-text__custom brz-css-eAj8i\" data-brz-custom-id=\"fmvsxquefjnnxlbhtdbflrywatoswporjulu\">\n<div data-brz-translate-text=\"1\">\n<p class=\"brz-lh-lg-1_8 brz-ls-lg-0 brz-fw-lg-400 brz-fss-lg-px brz-fs-lg-14 brz-ft-google brz-ff-overpass brz-tp-lg-empty brz-css-lPXwR\" data-generated-css=\"brz-css-greaj\" data-uniq-id=\"jbtae\">Edgar et Andr&eacute;<\/p>\n<\/div>\n<\/div>\n<\/div>\n<\/div>\n<\/div>\n<\/div>\n<\/div>\n<div class=\"brz-row__container brz-css-nqTXu\" data-brz-custom-id=\"okcipxhutjgcdmcphioaukihmafqhfvwsysf\">\n<div class=\"brz-bg\"><\/div>\n<div class=\"brz-row brz-row--inner brz-css-l5ciB\">\n<div class=\"brz-columns brz-css-iLWSK brz-css-njIOc\" data-brz-custom-id=\"vanbipnyonwjyxsnqpbmhndsedmhfvccnmhn\">\n<div class=\"brz-bg\"><\/div>\n<div class=\"brz-column__items brz-css-gvmbx\">\n<div id class=\"brz-css-oAhSZ brz-wrapper\">\n<div class=\"brz-rich-text brz-rich-text__custom brz-css-eAj8i\" data-brz-custom-id=\"vmvzwsrsdxttzujwvkcieetorocmbjokzesn\">\n<div data-brz-translate-text=\"1\">\n<p data-uniq-id=\"lnlnl\" data-generated-css=\"brz-css-gbrgr\" class=\"brz-ft-google brz-fs-lg-20 brz-fss-lg-px brz-fw-lg-600 brz-ls-lg-0 brz-lh-lg-1_8 brz-tp-lg-empty brz-ff-overpass brz-css-zkG1l\">G&eacute;ographie <\/p>\n<\/div>\n<\/div>\n<\/div>\n<\/div>\n<\/div>\n<div class=\"brz-columns brz-css-iLWSK brz-css-yqXLv\" data-brz-custom-id=\"gbkcaxbnwyywgkaiitrsgqfkpahiyiymijyo\">\n<div class=\"brz-bg\"><\/div>\n<div class=\"brz-column__items brz-css-gvmbx\">\n<div id class=\"brz-css-oAhSZ brz-wrapper\">\n<div class=\"brz-rich-text brz-rich-text__custom brz-css-eAj8i\" data-brz-custom-id=\"ikhquwpgtinlkzzeuaeetuvdotozahwlljep\">\n<div data-brz-translate-text=\"1\">\n<p class=\"brz-lh-lg-1_8 brz-ls-lg-0 brz-fw-lg-400 brz-fss-lg-px brz-fs-lg-14 brz-ft-google brz-ff-overpass brz-tp-lg-empty brz-css-lX8tH\" data-generated-css=\"brz-css-inazv\" data-uniq-id=\"zgwxy\">Pays : Portugal<\/p>\n<p class=\"brz-lh-lg-1_8 brz-ls-lg-0 brz-fw-lg-400 brz-fss-lg-px brz-fs-lg-14 brz-ft-google brz-ff-overpass brz-tp-lg-empty brz-css-fKejX\" data-generated-css=\"brz-css-ummlf\" data-uniq-id=\"nvgku\">R&eacute;gion : Tras os Montes<\/p>\n<p class=\"brz-lh-lg-1_8 brz-ls-lg-0 brz-fw-lg-400 brz-fss-lg-px brz-fs-lg-14 brz-ft-google brz-ff-overpass brz-tp-lg-empty brz-css-q3eN0\" data-generated-css=\"brz-css-nreqv\" data-uniq-id=\"laprq\"><\/p>\n<\/div>\n<\/div>\n<\/div>\n<\/div>\n<\/div>\n<\/div>\n<\/div>\n<div class=\"brz-row__container brz-css-nqTXu\" data-brz-custom-id=\"imbrblqklszbgxwpjahimbbauoevzlsvrwog\">\n<div class=\"brz-bg\"><\/div>\n<div class=\"brz-row brz-row--inner brz-css-l5ciB\">\n<div class=\"brz-columns brz-css-iLWSK brz-css-guJ_7\" data-brz-custom-id=\"tekneilokwwrkzhivbzuzoftqqhomspxukxn\">\n<div class=\"brz-bg\"><\/div>\n<div class=\"brz-column__items brz-css-gvmbx\">\n<div id class=\"brz-css-oAhSZ brz-wrapper\">\n<div class=\"brz-rich-text brz-rich-text__custom brz-css-eAj8i\" data-brz-custom-id=\"stklsusqhxklnviddtsjookeskqqdkhxsftp\">\n<div data-brz-translate-text=\"1\">\n<p data-uniq-id=\"nqhwu\" data-generated-css=\"brz-css-nfntg\" class=\"brz-ls-lg-0 brz-lh-lg-1_8 brz-tp-lg-empty brz-ff-overpass brz-ft-google brz-fs-lg-20 brz-fss-lg-px brz-fw-lg-600 brz-css-tr28y\">Vari&eacute;t&eacute;s <\/p>\n<\/div>\n<\/div>\n<\/div>\n<\/div>\n<\/div>\n<div class=\"brz-columns brz-css-iLWSK brz-css-pwP7O\" data-brz-custom-id=\"hudtjgozokqzbxsqxgddgmuczqagwagdqixs\">\n<div class=\"brz-bg\"><\/div>\n<div class=\"brz-column__items brz-css-gvmbx\">\n<div id class=\"brz-css-oAhSZ brz-wrapper\">\n<div class=\"brz-rich-text brz-rich-text__custom brz-css-eAj8i\" data-brz-custom-id=\"tmzixdbqhpibuxhxbphdvaieslqskpgpwlse\">\n<div data-brz-translate-text=\"1\">\n<p class=\"brz-tp-lg-empty brz-ff-overpass brz-ft-google brz-fs-lg-14 brz-fss-lg-px brz-fw-lg-400 brz-ls-lg-0 brz-lh-lg-1_8 brz-css-uO0k6\" data-uniq-id=\"chfgk\" data-generated-css=\"brz-css-lixha\">100 % Cobran&ccedil;osa <\/p>\n<\/div>\n<\/div>\n<\/div>\n<\/div>\n<\/div>\n<\/div>\n<\/div>\n<div class=\"brz-row__container brz-css-nqTXu\" data-brz-custom-id=\"lllzuedeblcxfruoervizlahtgbijofklfvq\">\n<div class=\"brz-bg\"><\/div>\n<div class=\"brz-row brz-row--inner brz-css-l5ciB\">\n<div class=\"brz-columns brz-css-iLWSK brz-css-vYKQB\" data-brz-custom-id=\"toisigkrqqownptazrdrkjzpferjykofjfmy\">\n<div class=\"brz-bg\"><\/div>\n<div class=\"brz-column__items brz-css-gvmbx\">\n<div id class=\"brz-css-oAhSZ brz-wrapper\">\n<div class=\"brz-rich-text brz-rich-text__custom brz-css-eAj8i\" data-brz-custom-id=\"hoomgozsxvmakgqyrmyeldygxyponklwlioe\">\n<div data-brz-translate-text=\"1\">\n<p data-uniq-id=\"ehcmf\" data-generated-css=\"brz-css-yngcr\" class=\"brz-ls-lg-0 brz-lh-lg-1_8 brz-tp-lg-empty brz-ff-overpass brz-ft-google brz-fs-lg-20 brz-fss-lg-px brz-fw-lg-600 brz-css-pjP4f\">Info technique <\/p>\n<\/div>\n<\/div>\n<\/div>\n<\/div>\n<\/div>\n<div class=\"brz-columns brz-css-iLWSK brz-css-vn4mL\" data-brz-custom-id=\"azakhdjlouzhwsljjhqlgmttswzuaqbejadd\">\n<div class=\"brz-bg\"><\/div>\n<div class=\"brz-column__items brz-css-gvmbx\">\n<div id class=\"brz-css-oAhSZ brz-wrapper\">\n<div class=\"brz-rich-text brz-rich-text__custom brz-css-eAj8i\" data-brz-custom-id=\"zeedvkgokemrzczoulxvrfvsmfmgqwlcqwhm\">\n<div data-brz-translate-text=\"1\">\n<p class=\"brz-tp-lg-empty brz-ff-overpass brz-ft-google brz-fs-lg-14 brz-fss-lg-px brz-fw-lg-400 brz-ls-lg-0 brz-lh-lg-1_3 brz-css-qxXBF\" data-uniq-id=\"nrisc\" data-generated-css=\"brz-css-ngiox\">Certification : Agriculture biologique<\/p>\n<p class=\"brz-lh-lg-1_3 brz-ls-lg-0 brz-fw-lg-400 brz-fss-lg-px brz-fs-lg-14 brz-ft-google brz-ff-lato brz-tp-lg-empty brz-css-xvsNc\" data-uniq-id=\"lbbas\" data-generated-css=\"brz-css-alshz\"><\/p>\n<p data-uniq-id=\"hyfmd\" data-generated-css=\"brz-css-nzhfq\" class=\"brz-css-p7zwb\"><\/p>\n<\/div>\n<\/div>\n<\/div>\n<\/div>\n<\/div>\n<\/div>\n<\/div>\n<\/div>\n<\/div>\n<\/div>\n<\/div>\n<\/div>\n<\/div>\n<\/section>\n<\/div>\n<p><!-- version:1715927808 --><\/p>\n","protected":false},"excerpt":{"rendered":"<p>Pot de 170 g<\/p>\n<p>Certifi\u00e9es biologiques.<\/p>\n<p>Les olives sont pr\u00e9par\u00e9es selon un recette traditionnelle au citron avec diff\u00e9rentes herbes aromatiques, laurier et origan, conserv\u00e9es dans de l&rsquo;huile d&rsquo;olive extra vierge. D\u00e9noyaut\u00e9es.<\/p>\n","protected":false},"featured_media":3357,"comment_status":"open","ping_status":"closed","template":"brizy-blank-template.php","meta":[],"product_cat":[18],"product_tag":[],"_links":{"self":[{"href":"https:\/\/venfret.fr\/index.php\/wp-json\/wp\/v2\/product\/652"}],"collection":[{"href":"https:\/\/venfret.fr\/index.php\/wp-json\/wp\/v2\/product"}],"about":[{"href":"https:\/\/venfret.fr\/index.php\/wp-json\/wp\/v2\/types\/product"}],"replies":[{"embeddable":true,"href":"https:\/\/venfret.fr\/index.php\/wp-json\/wp\/v2\/comments?post=652"}],"wp:featuredmedia":[{"embeddable":true,"href":"https:\/\/venfret.fr\/index.php\/wp-json\/wp\/v2\/media\/3357"}],"wp:attachment":[{"href":"https:\/\/venfret.fr\/index.php\/wp-json\/wp\/v2\/media?parent=652"}],"wp:term":[{"taxonomy":"product_cat","embeddable":true,"href":"https:\/\/venfret.fr\/index.php\/wp-json\/wp\/v2\/product_cat?post=652"},{"taxonomy":"product_tag","embeddable":true,"href":"https:\/\/venfret.fr\/index.php\/wp-json\/wp\/v2\/product_tag?post=652"}],"curies":[{"name":"wp","href":"https:\/\/api.w.org\/{rel}","templated":true}]}}